{"id":1376,"date":"2022-03-28T11:17:46","date_gmt":"2022-03-28T11:17:46","guid":{"rendered":"https:\/\/dreary-ticket.flywheelsites.com\/?page_id=1376"},"modified":"2026-01-05T09:27:17","modified_gmt":"2026-01-05T09:27:17","slug":"impressum","status":"publish","type":"page","link":"https:\/\/yuka.digital\/en\/impressum\/","title":{"rendered":"Legal notice"},"content":{"rendered":"<div data-elementor-type=\"wp-page\" data-elementor-id=\"1376\" class=\"elementor elementor-1376\" data-elementor-post-type=\"page\">\n\t\t\t\t<div class=\"elementor-element elementor-element-e571a32 e-flex e-con-boxed e-con e-parent\" data-id=\"e571a32\" data-element_type=\"container\" data-e-type=\"container\">\n\t\t\t\t\t<div class=\"e-con-inner\">\n\t\t<div class=\"elementor-element elementor-element-b0a3833 e-con-full e-flex e-con e-child\" data-id=\"b0a3833\" data-element_type=\"container\" data-e-type=\"container\">\n\t\t\t\t<div class=\"elementor-element elementor-element-5d796ce elementor-widget-tablet__width-initial elementor-widget-mobile__width-inherit elementor-widget elementor-widget-heading\" data-id=\"5d796ce\" data-element_type=\"widget\" data-e-type=\"widget\" data-widget_type=\"heading.default\">\n\t\t\t\t<div class=\"elementor-widget-container\">\n\t\t\t\t\t<h1 class=\"elementor-heading-title elementor-size-default\">Legal notice<\/h1>\t\t\t\t<\/div>\n\t\t\t\t<\/div>\n\t\t\t\t<div class=\"elementor-element elementor-element-4ed94af elementor-widget elementor-widget-text-editor\" data-id=\"4ed94af\" data-element_type=\"widget\" data-e-type=\"widget\" data-widget_type=\"text-editor.default\">\n\t\t\t\t<div class=\"elementor-widget-container\">\n\t\t\t\t\t\t\t\t\t<div class=\"sc-content\"><h3 class=\"entry-description\">Yuka Digital GmbH<\/h3><\/div><div class=\"sc-content\"><p>Yuka-Platz 1<br \/>63303 Dreieich<\/p><p>Tel: +49 (0) 69 83 83 251<br \/>Fax: +49 (0) 69 83 83 25 252\u00a0 \u00a0 \u00a0 \u00a0 \u00a0 \u00a0 \u00a0 \u00a0 \u00a0\u00a0<\/p><\/div><p>info@yuka.digital<\/p><div class=\"sc-content\"><p>Gesch\u00e4ftsf\u00fchrung: Deniz Yilmaz<\/p><p>Registergericht: Amtsgericht Offenbach<br \/>Registernummer: HRB 58479<\/p><p>Umsatzsteuer-Identifikationsnummer gem\u00e4\u00df \u00a7 27 a Umsatzsteuergesetz:<br \/>UST-ID: DE458780543<\/p><p><strong>Wichtiger Hinweis zu allen Links auf dieser Homepage:<\/strong><\/p><p>Mit Urteil vom 12. Mai 1998 \u2013 312 O 85\/98 \u2013 \u201cHaftung f\u00fcr Links\u201d hat das Landgericht in Hamburg entschieden, dass man durch die Anbringung eines Links, die Inhalte der gelinkten Seite ggf. mit zu verantworten hat. Dies kann, so das Landgericht \u2013 nur dadurch verhindert werden, indem man sich ausdr\u00fccklich von diesen Inhalten distanziert.<\/p><p><strong>Disclaimer Information:<\/strong><\/p><p>Die bereitgestellten Informationen auf dieser Website wurden sorgf\u00e4ltig gepr\u00fcft und werden regelm\u00e4\u00dfig aktualisiert. Jedoch kann keine Garantie daf\u00fcr \u00fcbernommen werden, dass alle Angaben zu jeder Zeit vollst\u00e4ndig, richtig und in letzter Aktualit\u00e4t dargestellt sind. Alle Angaben k\u00f6nnen ohne vorherige Ank\u00fcndigung ge\u00e4ndert, entfernt oder erg\u00e4nzt werden. Hiermit distanziert sich die Yuka Digital GmbH mit seinen Marken routecontrol, YUKAtrack, M2M Allnet, YUKA.digital und M2M Portal ausdr\u00fccklich von allen Inhalten aller gelinkten Seiten im Online Angebot von Yuka Digital GmbH.<\/p><p>Quellenverweise einiger Bilder: Freepik, Fotolia, Envato Elements und Photocase<\/p><\/div>\t\t\t\t\t\t\t\t<\/div>\n\t\t\t\t<\/div>\n\t\t\t\t<\/div>\n\t\t\t\t\t<\/div>\n\t\t\t\t<\/div>\n\t\t\t\t<\/div>","protected":false},"excerpt":{"rendered":"<p>Impressum Yuka Digital GmbH Yuka-Platz 163303 Dreieich Tel: +49 (0) 69 83 83 251Fax: +49 (0) 69 83 83 25 252\u00a0 \u00a0 \u00a0 \u00a0 \u00a0 \u00a0 \u00a0 \u00a0 \u00a0\u00a0 info@yuka.digital Gesch\u00e4ftsf\u00fchrung: Deniz Yilmaz Registergericht: Amtsgericht OffenbachRegisternummer: HRB 58479 Umsatzsteuer-Identifikationsnummer gem\u00e4\u00df \u00a7 27 a Umsatzsteuergesetz:UST-ID: DE458780543 Wichtiger Hinweis zu allen Links auf dieser Homepage: Mit Urteil [&hellip;]<\/p>\n","protected":false},"author":3,"featured_media":0,"parent":0,"menu_order":0,"comment_status":"closed","ping_status":"closed","template":"","meta":{"footnotes":""},"class_list":["post-1376","page","type-page","status-publish","hentry"],"yoast_head":"<!-- This site is optimized with the Yoast SEO plugin v27.3 - https:\/\/yoast.com\/product\/yoast-seo-wordpress\/ -->\n<title>Impressum - yuka.digital<\/title>\n<meta name=\"robots\" content=\"index, follow, max-snippet:-1, max-image-preview:large, max-video-preview:-1\" \/>\n<link rel=\"canonical\" href=\"https:\/\/yuka.digital\/en\/impressum\/\" \/>\n<meta property=\"og:locale\" content=\"en_GB\" \/>\n<meta property=\"og:type\" content=\"article\" \/>\n<meta property=\"og:title\" content=\"Impressum - yuka.digital\" \/>\n<meta property=\"og:description\" content=\"Impressum Yuka Digital GmbH Yuka-Platz 163303 Dreieich Tel: +49 (0) 69 83 83 251Fax: +49 (0) 69 83 83 25 252\u00a0 \u00a0 \u00a0 \u00a0 \u00a0 \u00a0 \u00a0 \u00a0 \u00a0\u00a0 info@yuka.digital Gesch\u00e4ftsf\u00fchrung: Deniz Yilmaz Registergericht: Amtsgericht OffenbachRegisternummer: HRB 58479 Umsatzsteuer-Identifikationsnummer gem\u00e4\u00df \u00a7 27 a Umsatzsteuergesetz:UST-ID: DE458780543 Wichtiger Hinweis zu allen Links auf dieser Homepage: Mit Urteil [&hellip;]\" \/>\n<meta property=\"og:url\" content=\"https:\/\/yuka.digital\/en\/impressum\/\" \/>\n<meta property=\"og:site_name\" content=\"yuka.digital\" \/>\n<meta property=\"article:modified_time\" content=\"2026-01-05T09:27:17+00:00\" \/>\n<meta name=\"twitter:card\" content=\"summary_large_image\" \/>\n<meta name=\"twitter:label1\" content=\"Estimated reading time\" \/>\n\t<meta name=\"twitter:data1\" content=\"1 minute\" \/>\n<script type=\"application\/ld+json\" class=\"yoast-schema-graph\">{\"@context\":\"https:\\\/\\\/schema.org\",\"@graph\":[{\"@type\":\"WebPage\",\"@id\":\"https:\\\/\\\/yuka.digital\\\/impressum\\\/\",\"url\":\"https:\\\/\\\/yuka.digital\\\/impressum\\\/\",\"name\":\"Impressum - yuka.digital\",\"isPartOf\":{\"@id\":\"https:\\\/\\\/yuka.digital\\\/#website\"},\"datePublished\":\"2022-03-28T11:17:46+00:00\",\"dateModified\":\"2026-01-05T09:27:17+00:00\",\"breadcrumb\":{\"@id\":\"https:\\\/\\\/yuka.digital\\\/impressum\\\/#breadcrumb\"},\"inLanguage\":\"en-GB\",\"potentialAction\":[{\"@type\":\"ReadAction\",\"target\":[\"https:\\\/\\\/yuka.digital\\\/impressum\\\/\"]}]},{\"@type\":\"BreadcrumbList\",\"@id\":\"https:\\\/\\\/yuka.digital\\\/impressum\\\/#breadcrumb\",\"itemListElement\":[{\"@type\":\"ListItem\",\"position\":1,\"name\":\"Startseite\",\"item\":\"https:\\\/\\\/yuka.digital\\\/\"},{\"@type\":\"ListItem\",\"position\":2,\"name\":\"Impressum\"}]},{\"@type\":\"WebSite\",\"@id\":\"https:\\\/\\\/yuka.digital\\\/#website\",\"url\":\"https:\\\/\\\/yuka.digital\\\/\",\"name\":\"yuka.digital\",\"description\":\"YUKA.digital\",\"publisher\":{\"@id\":\"https:\\\/\\\/yuka.digital\\\/#organization\"},\"potentialAction\":[{\"@type\":\"SearchAction\",\"target\":{\"@type\":\"EntryPoint\",\"urlTemplate\":\"https:\\\/\\\/yuka.digital\\\/?s={search_term_string}\"},\"query-input\":{\"@type\":\"PropertyValueSpecification\",\"valueRequired\":true,\"valueName\":\"search_term_string\"}}],\"inLanguage\":\"en-GB\"},{\"@type\":\"Organization\",\"@id\":\"https:\\\/\\\/yuka.digital\\\/#organization\",\"name\":\"yuka.digital\",\"url\":\"https:\\\/\\\/yuka.digital\\\/\",\"logo\":{\"@type\":\"ImageObject\",\"inLanguage\":\"en-GB\",\"@id\":\"https:\\\/\\\/yuka.digital\\\/#\\\/schema\\\/logo\\\/image\\\/\",\"url\":\"https:\\\/\\\/yuka.digital\\\/wp-content\\\/uploads\\\/2022\\\/03\\\/yuka_digital_logo.png\",\"contentUrl\":\"https:\\\/\\\/yuka.digital\\\/wp-content\\\/uploads\\\/2022\\\/03\\\/yuka_digital_logo.png\",\"width\":4568,\"height\":713,\"caption\":\"yuka.digital\"},\"image\":{\"@id\":\"https:\\\/\\\/yuka.digital\\\/#\\\/schema\\\/logo\\\/image\\\/\"}}]}<\/script>\n<!-- \/ Yoast SEO plugin. -->","yoast_head_json":{"title":"Impressum - yuka.digital","robots":{"index":"index","follow":"follow","max-snippet":"max-snippet:-1","max-image-preview":"max-image-preview:large","max-video-preview":"max-video-preview:-1"},"canonical":"https:\/\/yuka.digital\/en\/impressum\/","og_locale":"en_GB","og_type":"article","og_title":"Impressum - yuka.digital","og_description":"Impressum Yuka Digital GmbH Yuka-Platz 163303 Dreieich Tel: +49 (0) 69 83 83 251Fax: +49 (0) 69 83 83 25 252\u00a0 \u00a0 \u00a0 \u00a0 \u00a0 \u00a0 \u00a0 \u00a0 \u00a0\u00a0 info@yuka.digital Gesch\u00e4ftsf\u00fchrung: Deniz Yilmaz Registergericht: Amtsgericht OffenbachRegisternummer: HRB 58479 Umsatzsteuer-Identifikationsnummer gem\u00e4\u00df \u00a7 27 a Umsatzsteuergesetz:UST-ID: DE458780543 Wichtiger Hinweis zu allen Links auf dieser Homepage: Mit Urteil [&hellip;]","og_url":"https:\/\/yuka.digital\/en\/impressum\/","og_site_name":"yuka.digital","article_modified_time":"2026-01-05T09:27:17+00:00","twitter_card":"summary_large_image","twitter_misc":{"Estimated reading time":"1 minute"},"schema":{"@context":"https:\/\/schema.org","@graph":[{"@type":"WebPage","@id":"https:\/\/yuka.digital\/impressum\/","url":"https:\/\/yuka.digital\/impressum\/","name":"Impressum - yuka.digital","isPartOf":{"@id":"https:\/\/yuka.digital\/#website"},"datePublished":"2022-03-28T11:17:46+00:00","dateModified":"2026-01-05T09:27:17+00:00","breadcrumb":{"@id":"https:\/\/yuka.digital\/impressum\/#breadcrumb"},"inLanguage":"en-GB","potentialAction":[{"@type":"ReadAction","target":["https:\/\/yuka.digital\/impressum\/"]}]},{"@type":"BreadcrumbList","@id":"https:\/\/yuka.digital\/impressum\/#breadcrumb","itemListElement":[{"@type":"ListItem","position":1,"name":"Startseite","item":"https:\/\/yuka.digital\/"},{"@type":"ListItem","position":2,"name":"Impressum"}]},{"@type":"WebSite","@id":"https:\/\/yuka.digital\/#website","url":"https:\/\/yuka.digital\/","name":"yuka.digital","description":"YUKA.digital","publisher":{"@id":"https:\/\/yuka.digital\/#organization"},"potentialAction":[{"@type":"SearchAction","target":{"@type":"EntryPoint","urlTemplate":"https:\/\/yuka.digital\/?s={search_term_string}"},"query-input":{"@type":"PropertyValueSpecification","valueRequired":true,"valueName":"search_term_string"}}],"inLanguage":"en-GB"},{"@type":"Organization","@id":"https:\/\/yuka.digital\/#organization","name":"yuka.digital","url":"https:\/\/yuka.digital\/","logo":{"@type":"ImageObject","inLanguage":"en-GB","@id":"https:\/\/yuka.digital\/#\/schema\/logo\/image\/","url":"https:\/\/yuka.digital\/wp-content\/uploads\/2022\/03\/yuka_digital_logo.png","contentUrl":"https:\/\/yuka.digital\/wp-content\/uploads\/2022\/03\/yuka_digital_logo.png","width":4568,"height":713,"caption":"yuka.digital"},"image":{"@id":"https:\/\/yuka.digital\/#\/schema\/logo\/image\/"}}]}},"_links":{"self":[{"href":"https:\/\/yuka.digital\/en\/wp-json\/wp\/v2\/pages\/1376","targetHints":{"allow":["GET"]}}],"collection":[{"href":"https:\/\/yuka.digital\/en\/wp-json\/wp\/v2\/pages"}],"about":[{"href":"https:\/\/yuka.digital\/en\/wp-json\/wp\/v2\/types\/page"}],"author":[{"embeddable":true,"href":"https:\/\/yuka.digital\/en\/wp-json\/wp\/v2\/users\/3"}],"replies":[{"embeddable":true,"href":"https:\/\/yuka.digital\/en\/wp-json\/wp\/v2\/comments?post=1376"}],"version-history":[{"count":33,"href":"https:\/\/yuka.digital\/en\/wp-json\/wp\/v2\/pages\/1376\/revisions"}],"predecessor-version":[{"id":7214,"href":"https:\/\/yuka.digital\/en\/wp-json\/wp\/v2\/pages\/1376\/revisions\/7214"}],"wp:attachment":[{"href":"https:\/\/yuka.digital\/en\/wp-json\/wp\/v2\/media?parent=1376"}],"curies":[{"name":"wp","href":"https:\/\/api.w.org\/{rel}","templated":true}]}}