{"id":6155,"date":"2025-06-11T14:33:01","date_gmt":"2025-06-11T14:33:01","guid":{"rendered":"https:\/\/yuka.digital\/?page_id=6155"},"modified":"2026-03-11T10:15:34","modified_gmt":"2026-03-11T10:15:34","slug":"m2m-allnet","status":"publish","type":"page","link":"https:\/\/yuka.digital\/en\/m2m-allnet\/","title":{"rendered":"M2M Allnet"},"content":{"rendered":"\t\t<div data-elementor-type=\"wp-page\" data-elementor-id=\"6155\" class=\"elementor elementor-6155\" data-elementor-post-type=\"page\">\n\t\t\t\t<div class=\"elementor-element elementor-element-e3f51e8 e-flex e-con-boxed e-con e-parent\" data-id=\"e3f51e8\" data-element_type=\"container\" data-e-type=\"container\" data-settings=\"{&quot;background_background&quot;:&quot;classic&quot;}\">\n\t\t\t\t\t<div class=\"e-con-inner\">\n\t\t<div class=\"elementor-element elementor-element-d0694fe e-con-full e-flex e-con e-child\" data-id=\"d0694fe\" data-element_type=\"container\" data-e-type=\"container\">\n\t\t<div class=\"elementor-element elementor-element-04e4cb3 e-con-full e-flex e-con e-child\" data-id=\"04e4cb3\" data-element_type=\"container\" data-e-type=\"container\">\n\t\t\t\t<div class=\"elementor-element elementor-element-43edee2 elementor-widget elementor-widget-heading\" data-id=\"43edee2\" data-element_type=\"widget\" data-e-type=\"widget\" data-widget_type=\"heading.default\">\n\t\t\t\t<div class=\"elementor-widget-container\">\n\t\t\t\t\t<p class=\"elementor-heading-title elementor-size-default\"><a href=\"https:\/\/yuka.digital\/leistungen\/\">&lt; Zur\u00fcck zu den Leistungen<\/a><\/p>\t\t\t\t<\/div>\n\t\t\t\t<\/div>\n\t\t\t\t<div class=\"elementor-element elementor-element-2779e02 elementor-widget elementor-widget-image\" data-id=\"2779e02\" data-element_type=\"widget\" data-e-type=\"widget\" data-widget_type=\"image.default\">\n\t\t\t\t<div class=\"elementor-widget-container\">\n\t\t\t\t\t\t\t\t\t\t\t\t\t\t\t<img fetchpriority=\"high\" decoding=\"async\" width=\"464\" height=\"190\" src=\"https:\/\/yuka.digital\/wp-content\/uploads\/2025\/05\/m2m_allnet_logo_white.png\" class=\"attachment-large size-large wp-image-5415\" alt=\"\" srcset=\"https:\/\/yuka.digital\/wp-content\/uploads\/2025\/05\/m2m_allnet_logo_white.png 464w, https:\/\/yuka.digital\/wp-content\/uploads\/2025\/05\/m2m_allnet_logo_white-300x123.png 300w, https:\/\/yuka.digital\/wp-content\/uploads\/2025\/05\/m2m_allnet_logo_white-18x7.png 18w\" sizes=\"(max-width: 464px) 100vw, 464px\" \/>\t\t\t\t\t\t\t\t\t\t\t\t\t\t\t<\/div>\n\t\t\t\t<\/div>\n\t\t\t\t<div class=\"elementor-element elementor-element-7aa6b35 elementor-widget elementor-widget-heading\" data-id=\"7aa6b35\" data-element_type=\"widget\" data-e-type=\"widget\" data-widget_type=\"heading.default\">\n\t\t\t\t<div class=\"elementor-widget-container\">\n\t\t\t\t\t<h1 class=\"elementor-heading-title elementor-size-default\">IoT und M2M SIM Karten<\/h1>\t\t\t\t<\/div>\n\t\t\t\t<\/div>\n\t\t\t\t<div class=\"elementor-element elementor-element-3c93ece elementor-widget elementor-widget-text-editor\" data-id=\"3c93ece\" data-element_type=\"widget\" data-e-type=\"widget\" data-widget_type=\"text-editor.default\">\n\t\t\t\t<div class=\"elementor-widget-container\">\n\t\t\t\t\t\t\t\t\t<p>Modernes Arbeiten erfordert eine optimale Vernetzung und das weltweit. Wir von M2M Allnet stellen Ihnen SIM-Karten zur Verf\u00fcgung, die das Zusammenarbeiten in modernen Workspaces einfach und bequem gestalten. Wir unterst\u00fctzen diverse Unternehmen aus Bereichen wie Versorgung, Sicherheit, Industrie, Bau und Gesundheit mit unseren M2M Karten.<\/p>\t\t\t\t\t\t\t\t<\/div>\n\t\t\t\t<\/div>\n\t\t\t\t<div class=\"elementor-element elementor-element-8f944d2 elementor-widget elementor-widget-button\" data-id=\"8f944d2\" data-element_type=\"widget\" data-e-type=\"widget\" data-widget_type=\"button.default\">\n\t\t\t\t<div class=\"elementor-widget-container\">\n\t\t\t\t\t\t\t\t\t<div class=\"elementor-button-wrapper\">\n\t\t\t\t\t<a class=\"elementor-button elementor-button-link elementor-size-sm\" href=\"https:\/\/m2m-allnet.com\/\" target=\"_blank\">\n\t\t\t\t\t\t<span class=\"elementor-button-content-wrapper\">\n\t\t\t\t\t\t\t\t\t<span class=\"elementor-button-text\">Zur Webseite &gt;<\/span>\n\t\t\t\t\t<\/span>\n\t\t\t\t\t<\/a>\n\t\t\t\t<\/div>\n\t\t\t\t\t\t\t\t<\/div>\n\t\t\t\t<\/div>\n\t\t\t\t<\/div>\n\t\t\t\t<\/div>\n\t\t\t\t\t<\/div>\n\t\t\t\t<\/div>\n\t\t<div class=\"elementor-element elementor-element-dde0332 e-flex e-con-boxed e-con e-parent\" data-id=\"dde0332\" data-element_type=\"container\" data-e-type=\"container\">\n\t\t\t\t\t<div class=\"e-con-inner\">\n\t\t<div class=\"elementor-element elementor-element-37585c3 e-con-full e-flex e-con e-child\" data-id=\"37585c3\" data-element_type=\"container\" data-e-type=\"container\">\n\t\t<div class=\"elementor-element elementor-element-e748e52 e-con-full e-flex e-con e-child\" data-id=\"e748e52\" data-element_type=\"container\" data-e-type=\"container\" data-settings=\"{&quot;sticky&quot;:&quot;top&quot;,&quot;sticky_offset&quot;:100,&quot;sticky_on&quot;:[&quot;desktop&quot;,&quot;tablet&quot;],&quot;sticky_effects_offset&quot;:0,&quot;sticky_anchor_link_offset&quot;:0}\">\n\t\t\t\t<div class=\"elementor-element elementor-element-d2f01f5 elementor-widget elementor-widget-heading\" data-id=\"d2f01f5\" data-element_type=\"widget\" data-e-type=\"widget\" data-widget_type=\"heading.default\">\n\t\t\t\t<div class=\"elementor-widget-container\">\n\t\t\t\t\t<p class=\"elementor-heading-title elementor-size-default\">Navigation<\/p>\t\t\t\t<\/div>\n\t\t\t\t<\/div>\n\t\t<div class=\"elementor-element elementor-element-cf10ab4 e-con-full e-flex e-con e-child\" data-id=\"cf10ab4\" data-element_type=\"container\" data-e-type=\"container\">\n\t\t<div class=\"elementor-element elementor-element-eedb464 e-con-full e-flex e-con e-child\" data-id=\"eedb464\" data-element_type=\"container\" data-e-type=\"container\">\n\t\t\t\t<div class=\"elementor-element elementor-element-bd3720b elementor-widget elementor-widget-text-editor\" data-id=\"bd3720b\" data-element_type=\"widget\" data-e-type=\"widget\" data-widget_type=\"text-editor.default\">\n\t\t\t\t<div class=\"elementor-widget-container\">\n\t\t\t\t\t\t\t\t\t<p><a href=\"#leistungen\">Leistungen<\/a><\/p><p><a href=\"#sim-angebot\">SIM Angebot<\/a><\/p><p><a href=\"#Kontakt\">Kontakt<\/a><\/p>\t\t\t\t\t\t\t\t<\/div>\n\t\t\t\t<\/div>\n\t\t\t\t<\/div>\n\t\t\t\t<\/div>\n\t\t\t\t<\/div>\n\t\t<div class=\"elementor-element elementor-element-2e78991 e-con-full e-flex e-con e-child\" data-id=\"2e78991\" data-element_type=\"container\" data-e-type=\"container\">\n\t\t<div class=\"elementor-element elementor-element-15ebaf4 e-con-full e-flex e-con e-child\" data-id=\"15ebaf4\" data-element_type=\"container\" data-e-type=\"container\" id=\"leistungen\">\n\t\t\t\t<div class=\"elementor-element elementor-element-f6294d5 elementor-widget elementor-widget-heading\" data-id=\"f6294d5\" data-element_type=\"widget\" data-e-type=\"widget\" data-widget_type=\"heading.default\">\n\t\t\t\t<div class=\"elementor-widget-container\">\n\t\t\t\t\t<h2 class=\"elementor-heading-title elementor-size-default\">Unsere Leistungen<\/h2>\t\t\t\t<\/div>\n\t\t\t\t<\/div>\n\t\t<div class=\"elementor-element elementor-element-3ec997d e-grid e-con-full e-con e-child\" data-id=\"3ec997d\" data-element_type=\"container\" data-e-type=\"container\">\n\t\t<div class=\"elementor-element elementor-element-1fafa2c e-con-full e-flex e-con e-child\" data-id=\"1fafa2c\" data-element_type=\"container\" data-e-type=\"container\">\n\t\t\t\t<div class=\"elementor-element elementor-element-b25365d elementor-view-default elementor-widget elementor-widget-icon\" data-id=\"b25365d\" data-element_type=\"widget\" data-e-type=\"widget\" data-widget_type=\"icon.default\">\n\t\t\t\t<div class=\"elementor-widget-container\">\n\t\t\t\t\t\t\t<div class=\"elementor-icon-wrapper\">\n\t\t\t<div class=\"elementor-icon\">\n\t\t\t<i aria-hidden=\"true\" class=\"far fa-sim-card\"><\/i>\t\t\t<\/div>\n\t\t<\/div>\n\t\t\t\t\t\t<\/div>\n\t\t\t\t<\/div>\n\t\t\t\t<div class=\"elementor-element elementor-element-2f30a18 elementor-widget elementor-widget-heading\" data-id=\"2f30a18\" data-element_type=\"widget\" data-e-type=\"widget\" data-widget_type=\"heading.default\">\n\t\t\t\t<div class=\"elementor-widget-container\">\n\t\t\t\t\t<p class=\"elementor-heading-title elementor-size-default\">SIM Management<\/p>\t\t\t\t<\/div>\n\t\t\t\t<\/div>\n\t\t\t\t<\/div>\n\t\t<div class=\"elementor-element elementor-element-9787c7c e-con-full e-flex e-con e-child\" data-id=\"9787c7c\" data-element_type=\"container\" data-e-type=\"container\">\n\t\t\t\t<div class=\"elementor-element elementor-element-a5c5af9 elementor-view-default elementor-widget elementor-widget-icon\" data-id=\"a5c5af9\" data-element_type=\"widget\" data-e-type=\"widget\" data-widget_type=\"icon.default\">\n\t\t\t\t<div class=\"elementor-widget-container\">\n\t\t\t\t\t\t\t<div class=\"elementor-icon-wrapper\">\n\t\t\t<div class=\"elementor-icon\">\n\t\t\t<i aria-hidden=\"true\" class=\"far fa-signal\"><\/i>\t\t\t<\/div>\n\t\t<\/div>\n\t\t\t\t\t\t<\/div>\n\t\t\t\t<\/div>\n\t\t\t\t<div class=\"elementor-element elementor-element-7036457 elementor-widget elementor-widget-heading\" data-id=\"7036457\" data-element_type=\"widget\" data-e-type=\"widget\" data-widget_type=\"heading.default\">\n\t\t\t\t<div class=\"elementor-widget-container\">\n\t\t\t\t\t<p class=\"elementor-heading-title elementor-size-default\">Schnelle Daten&shy;verbindungen (LTE\/5G)<\/p>\t\t\t\t<\/div>\n\t\t\t\t<\/div>\n\t\t\t\t<\/div>\n\t\t<div class=\"elementor-element elementor-element-84eb644 e-con-full e-flex e-con e-child\" data-id=\"84eb644\" data-element_type=\"container\" data-e-type=\"container\">\n\t\t\t\t<div class=\"elementor-element elementor-element-5734fe4 elementor-view-default elementor-widget elementor-widget-icon\" data-id=\"5734fe4\" data-element_type=\"widget\" data-e-type=\"widget\" data-widget_type=\"icon.default\">\n\t\t\t\t<div class=\"elementor-widget-container\">\n\t\t\t\t\t\t\t<div class=\"elementor-icon-wrapper\">\n\t\t\t<div class=\"elementor-icon\">\n\t\t\t<i aria-hidden=\"true\" class=\"far fa-piggy-bank\"><\/i>\t\t\t<\/div>\n\t\t<\/div>\n\t\t\t\t\t\t<\/div>\n\t\t\t\t<\/div>\n\t\t\t\t<div class=\"elementor-element elementor-element-f63141b elementor-widget elementor-widget-heading\" data-id=\"f63141b\" data-element_type=\"widget\" data-e-type=\"widget\" data-widget_type=\"heading.default\">\n\t\t\t\t<div class=\"elementor-widget-container\">\n\t\t\t\t\t<p class=\"elementor-heading-title elementor-size-default\">G\u00fcnstige Preise<\/p>\t\t\t\t<\/div>\n\t\t\t\t<\/div>\n\t\t\t\t<\/div>\n\t\t<div class=\"elementor-element elementor-element-8077151 e-con-full e-flex e-con e-child\" data-id=\"8077151\" data-element_type=\"container\" data-e-type=\"container\">\n\t\t\t\t<div class=\"elementor-element elementor-element-afddf83 elementor-view-default elementor-widget elementor-widget-icon\" data-id=\"afddf83\" data-element_type=\"widget\" data-e-type=\"widget\" data-widget_type=\"icon.default\">\n\t\t\t\t<div class=\"elementor-widget-container\">\n\t\t\t\t\t\t\t<div class=\"elementor-icon-wrapper\">\n\t\t\t<div class=\"elementor-icon\">\n\t\t\t<i aria-hidden=\"true\" class=\"far fa-broadcast-tower\"><\/i>\t\t\t<\/div>\n\t\t<\/div>\n\t\t\t\t\t\t<\/div>\n\t\t\t\t<\/div>\n\t\t\t\t<div class=\"elementor-element elementor-element-c51f9f4 elementor-widget elementor-widget-heading\" data-id=\"c51f9f4\" data-element_type=\"widget\" data-e-type=\"widget\" data-widget_type=\"heading.default\">\n\t\t\t\t<div class=\"elementor-widget-container\">\n\t\t\t\t\t<p class=\"elementor-heading-title elementor-size-default\">IoT Management<\/p>\t\t\t\t<\/div>\n\t\t\t\t<\/div>\n\t\t\t\t<\/div>\n\t\t<div class=\"elementor-element elementor-element-efc661f e-con-full e-flex e-con e-child\" data-id=\"efc661f\" data-element_type=\"container\" data-e-type=\"container\">\n\t\t\t\t<div class=\"elementor-element elementor-element-82262f3 elementor-view-default elementor-widget elementor-widget-icon\" data-id=\"82262f3\" data-element_type=\"widget\" data-e-type=\"widget\" data-widget_type=\"icon.default\">\n\t\t\t\t<div class=\"elementor-widget-container\">\n\t\t\t\t\t\t\t<div class=\"elementor-icon-wrapper\">\n\t\t\t<div class=\"elementor-icon\">\n\t\t\t<i aria-hidden=\"true\" class=\"far fa-user-headset\"><\/i>\t\t\t<\/div>\n\t\t<\/div>\n\t\t\t\t\t\t<\/div>\n\t\t\t\t<\/div>\n\t\t\t\t<div class=\"elementor-element elementor-element-916c4f8 elementor-widget elementor-widget-heading\" data-id=\"916c4f8\" data-element_type=\"widget\" data-e-type=\"widget\" data-widget_type=\"heading.default\">\n\t\t\t\t<div class=\"elementor-widget-container\">\n\t\t\t\t\t<p class=\"elementor-heading-title elementor-size-default\">Pers\u00f6nliche Beratung<\/p>\t\t\t\t<\/div>\n\t\t\t\t<\/div>\n\t\t\t\t<\/div>\n\t\t<div class=\"elementor-element elementor-element-9276447 e-con-full e-flex e-con e-child\" data-id=\"9276447\" data-element_type=\"container\" data-e-type=\"container\">\n\t\t\t\t<div class=\"elementor-element elementor-element-c2de0b7 elementor-view-default elementor-widget elementor-widget-icon\" data-id=\"c2de0b7\" data-element_type=\"widget\" data-e-type=\"widget\" data-widget_type=\"icon.default\">\n\t\t\t\t<div class=\"elementor-widget-container\">\n\t\t\t\t\t\t\t<div class=\"elementor-icon-wrapper\">\n\t\t\t<div class=\"elementor-icon\">\n\t\t\t<i aria-hidden=\"true\" class=\"far fa-file-contract\"><\/i>\t\t\t<\/div>\n\t\t<\/div>\n\t\t\t\t\t\t<\/div>\n\t\t\t\t<\/div>\n\t\t\t\t<div class=\"elementor-element elementor-element-7405de8 elementor-widget elementor-widget-heading\" data-id=\"7405de8\" data-element_type=\"widget\" data-e-type=\"widget\" data-widget_type=\"heading.default\">\n\t\t\t\t<div class=\"elementor-widget-container\">\n\t\t\t\t\t<p class=\"elementor-heading-title elementor-size-default\">Flexible Vertrags&shy;laufzeit<\/p>\t\t\t\t<\/div>\n\t\t\t\t<\/div>\n\t\t\t\t<\/div>\n\t\t\t\t<\/div>\n\t\t\t\t<\/div>\n\t\t<div class=\"elementor-element elementor-element-7284154 e-con-full e-flex e-con e-child\" data-id=\"7284154\" data-element_type=\"container\" data-e-type=\"container\" id=\"sim-angebot\">\n\t\t\t\t<div class=\"elementor-element elementor-element-569dca8 elementor-widget elementor-widget-heading\" data-id=\"569dca8\" data-element_type=\"widget\" data-e-type=\"widget\" data-widget_type=\"heading.default\">\n\t\t\t\t<div class=\"elementor-widget-container\">\n\t\t\t\t\t<h2 class=\"elementor-heading-title elementor-size-default\">SIM Angebot<\/h2>\t\t\t\t<\/div>\n\t\t\t\t<\/div>\n\t\t\t\t<div class=\"elementor-element elementor-element-cb9ddba elementor-widget elementor-widget-text-editor\" data-id=\"cb9ddba\" data-element_type=\"widget\" data-e-type=\"widget\" data-widget_type=\"text-editor.default\">\n\t\t\t\t<div class=\"elementor-widget-container\">\n\t\t\t\t\t\t\t\t\t<div class=\"elementor-element elementor-element-4e786cd elementor-widget elementor-widget-text-editor\" data-id=\"4e786cd\" data-element_type=\"widget\" data-widget_type=\"text-editor.default\"><div class=\"elementor-widget-container\"><p>Die Datenkarte bzw. die SIM-Karte ist das Herzst\u00fcck moderner elektronischer Endger\u00e4te und auch vieler Maschinen. Sie sorgt daf\u00fcr, dass Kommunikationskan\u00e4le genutzt werden k\u00f6nnen und eine problemlose Informationsweitergabe m\u00f6glich ist. F\u00fcr viele Unternehmen sind M2M <strong>Industrie SIM-Karten<\/strong> bereits ein fester Bestandteil Ihrer Kommunikationsnetze und schon lange nicht mehr wegzudenken.<\/p><p>Wir wollen Ihnen jedoch nicht nur den Zugang zu nahtloser Kommunikation innerhalb Ihrer IoT-Systeme erm\u00f6glichen, sondern auch daf\u00fcr sorgen, dass Ihnen die Flexibilit\u00e4t zuteil wird, die Sie ben\u00f6tigen. Aus diesem Grund w\u00e4hlen Sie bei unseren M2M Karten zwischen unterschiedlichen Optionen:<\/p><\/div><\/div><p>\u00a0<\/p><ul><li><strong>eSIM<\/strong><br \/>Die Alternative zur herk\u00f6mmlichen SIM-Karte. Fest in Ihrem Ger\u00e4t integriert, erm\u00f6glicht sie den einfachen Wechsel oder die Aktivierung von Mobilfunkanbietern und Tarifen direkt per Software. Sie ist daher besonders f\u00fcr IoT-Anwendungen und Vielreisende optimal, um eine einwandfreie Erreichbarkeit an flexiblen Arbeitspl\u00e4tzen zu gew\u00e4hrleisten<br \/><br \/><\/li><li><strong>Standard SIM<\/strong><br \/>Die 3-in-1 SIM ist die bekannteste SIM-Karte (Mini, Micro, Nano) und wird meistens in Consumer Electronic wie Smartphones, Tablets etc. verwendet. Sie bietet Flexibilit\u00e4t, da sie in der passenden Gr\u00f6\u00dfe herausgebrochen werden kann. Trotz der zunehmenden Verbreitung der eSIM bleibt sie eine weit verbreitete L\u00f6sung f\u00fcr viele Mobilfunknutzer.<br \/><br \/><\/li><li><strong>Industrie SIM<br \/><\/strong>Eine besonders resistente SIM-Karte f\u00fcr Industrie 4.0 in einem globalen Netzwerk f\u00fcr M2M-Daten mit einfacher Aktivierung, flexibler Preisgestaltung und nutzerfreundlicher IoT-Web-Plattform. Sie ist speziell f\u00fcr raue Industrieumgebungen konzipiert und h\u00e4lt extremen Temperaturen, Vibrationen und anderen Belastungen stand.<\/li><\/ul>\t\t\t\t\t\t\t\t<\/div>\n\t\t\t\t<\/div>\n\t\t\t\t<\/div>\n\t\t\t\t<\/div>\n\t\t\t\t<\/div>\n\t\t\t\t\t<\/div>\n\t\t\t\t<\/div>\n\t\t\t\t<\/div>\n\t\t","protected":false},"excerpt":{"rendered":"<p>&lt; Zur\u00fcck zu den Leistungen IoT und M2M SIM Karten Modernes Arbeiten erfordert eine optimale Vernetzung und das weltweit. Wir von M2M Allnet stellen Ihnen SIM-Karten zur Verf\u00fcgung, die das Zusammenarbeiten in modernen Workspaces einfach und bequem gestalten. Wir unterst\u00fctzen diverse Unternehmen aus Bereichen wie Versorgung, Sicherheit, Industrie, Bau und Gesundheit mit unseren M2M Karten. [&hellip;]<\/p>\n","protected":false},"author":4,"featured_media":0,"parent":0,"menu_order":0,"comment_status":"closed","ping_status":"closed","template":"","meta":{"footnotes":""},"class_list":["post-6155","page","type-page","status-publish","hentry"],"yoast_head":"<!-- This site is optimized with the Yoast SEO plugin v27.3 - https:\/\/yoast.com\/product\/yoast-seo-wordpress\/ -->\n<title>M2M Allnet - yuka.digital<\/title>\n<meta name=\"robots\" content=\"index, follow, max-snippet:-1, max-image-preview:large, max-video-preview:-1\" \/>\n<link rel=\"canonical\" href=\"https:\/\/yuka.digital\/en\/m2m-allnet\/\" \/>\n<meta property=\"og:locale\" content=\"en_GB\" \/>\n<meta property=\"og:type\" content=\"article\" \/>\n<meta property=\"og:title\" content=\"M2M Allnet - yuka.digital\" \/>\n<meta property=\"og:description\" content=\"&lt; Zur\u00fcck zu den Leistungen IoT und M2M SIM Karten Modernes Arbeiten erfordert eine optimale Vernetzung und das weltweit. Wir von M2M Allnet stellen Ihnen SIM-Karten zur Verf\u00fcgung, die das Zusammenarbeiten in modernen Workspaces einfach und bequem gestalten. Wir unterst\u00fctzen diverse Unternehmen aus Bereichen wie Versorgung, Sicherheit, Industrie, Bau und Gesundheit mit unseren M2M Karten. [&hellip;]\" \/>\n<meta property=\"og:url\" content=\"https:\/\/yuka.digital\/en\/m2m-allnet\/\" \/>\n<meta property=\"og:site_name\" content=\"yuka.digital\" \/>\n<meta property=\"article:modified_time\" content=\"2026-03-11T10:15:34+00:00\" \/>\n<meta property=\"og:image\" content=\"https:\/\/yuka.digital\/wp-content\/uploads\/2025\/05\/m2m_allnet_logo_white.png\" \/>\n\t<meta property=\"og:image:width\" content=\"464\" \/>\n\t<meta property=\"og:image:height\" content=\"190\" \/>\n\t<meta property=\"og:image:type\" content=\"image\/png\" \/>\n<meta name=\"twitter:card\" content=\"summary_large_image\" \/>\n<meta name=\"twitter:label1\" content=\"Estimated reading time\" \/>\n\t<meta name=\"twitter:data1\" content=\"2 minutes\" \/>\n<script type=\"application\/ld+json\" class=\"yoast-schema-graph\">{\"@context\":\"https:\\\/\\\/schema.org\",\"@graph\":[{\"@type\":\"WebPage\",\"@id\":\"https:\\\/\\\/yuka.digital\\\/m2m-allnet\\\/\",\"url\":\"https:\\\/\\\/yuka.digital\\\/m2m-allnet\\\/\",\"name\":\"M2M Allnet - yuka.digital\",\"isPartOf\":{\"@id\":\"https:\\\/\\\/yuka.digital\\\/#website\"},\"primaryImageOfPage\":{\"@id\":\"https:\\\/\\\/yuka.digital\\\/m2m-allnet\\\/#primaryimage\"},\"image\":{\"@id\":\"https:\\\/\\\/yuka.digital\\\/m2m-allnet\\\/#primaryimage\"},\"thumbnailUrl\":\"https:\\\/\\\/yuka.digital\\\/wp-content\\\/uploads\\\/2025\\\/05\\\/m2m_allnet_logo_white.png\",\"datePublished\":\"2025-06-11T14:33:01+00:00\",\"dateModified\":\"2026-03-11T10:15:34+00:00\",\"breadcrumb\":{\"@id\":\"https:\\\/\\\/yuka.digital\\\/m2m-allnet\\\/#breadcrumb\"},\"inLanguage\":\"en-GB\",\"potentialAction\":[{\"@type\":\"ReadAction\",\"target\":[\"https:\\\/\\\/yuka.digital\\\/m2m-allnet\\\/\"]}]},{\"@type\":\"ImageObject\",\"inLanguage\":\"en-GB\",\"@id\":\"https:\\\/\\\/yuka.digital\\\/m2m-allnet\\\/#primaryimage\",\"url\":\"https:\\\/\\\/yuka.digital\\\/wp-content\\\/uploads\\\/2025\\\/05\\\/m2m_allnet_logo_white.png\",\"contentUrl\":\"https:\\\/\\\/yuka.digital\\\/wp-content\\\/uploads\\\/2025\\\/05\\\/m2m_allnet_logo_white.png\"},{\"@type\":\"BreadcrumbList\",\"@id\":\"https:\\\/\\\/yuka.digital\\\/m2m-allnet\\\/#breadcrumb\",\"itemListElement\":[{\"@type\":\"ListItem\",\"position\":1,\"name\":\"Startseite\",\"item\":\"https:\\\/\\\/yuka.digital\\\/\"},{\"@type\":\"ListItem\",\"position\":2,\"name\":\"M2M Allnet\"}]},{\"@type\":\"WebSite\",\"@id\":\"https:\\\/\\\/yuka.digital\\\/#website\",\"url\":\"https:\\\/\\\/yuka.digital\\\/\",\"name\":\"yuka.digital\",\"description\":\"YUKA.digital\",\"publisher\":{\"@id\":\"https:\\\/\\\/yuka.digital\\\/#organization\"},\"potentialAction\":[{\"@type\":\"SearchAction\",\"target\":{\"@type\":\"EntryPoint\",\"urlTemplate\":\"https:\\\/\\\/yuka.digital\\\/?s={search_term_string}\"},\"query-input\":{\"@type\":\"PropertyValueSpecification\",\"valueRequired\":true,\"valueName\":\"search_term_string\"}}],\"inLanguage\":\"en-GB\"},{\"@type\":\"Organization\",\"@id\":\"https:\\\/\\\/yuka.digital\\\/#organization\",\"name\":\"yuka.digital\",\"url\":\"https:\\\/\\\/yuka.digital\\\/\",\"logo\":{\"@type\":\"ImageObject\",\"inLanguage\":\"en-GB\",\"@id\":\"https:\\\/\\\/yuka.digital\\\/#\\\/schema\\\/logo\\\/image\\\/\",\"url\":\"https:\\\/\\\/yuka.digital\\\/wp-content\\\/uploads\\\/2022\\\/03\\\/yuka_digital_logo.png\",\"contentUrl\":\"https:\\\/\\\/yuka.digital\\\/wp-content\\\/uploads\\\/2022\\\/03\\\/yuka_digital_logo.png\",\"width\":4568,\"height\":713,\"caption\":\"yuka.digital\"},\"image\":{\"@id\":\"https:\\\/\\\/yuka.digital\\\/#\\\/schema\\\/logo\\\/image\\\/\"}}]}<\/script>\n<!-- \/ Yoast SEO plugin. -->","yoast_head_json":{"title":"M2M Allnet - yuka.digital","robots":{"index":"index","follow":"follow","max-snippet":"max-snippet:-1","max-image-preview":"max-image-preview:large","max-video-preview":"max-video-preview:-1"},"canonical":"https:\/\/yuka.digital\/en\/m2m-allnet\/","og_locale":"en_GB","og_type":"article","og_title":"M2M Allnet - yuka.digital","og_description":"&lt; Zur\u00fcck zu den Leistungen IoT und M2M SIM Karten Modernes Arbeiten erfordert eine optimale Vernetzung und das weltweit. Wir von M2M Allnet stellen Ihnen SIM-Karten zur Verf\u00fcgung, die das Zusammenarbeiten in modernen Workspaces einfach und bequem gestalten. Wir unterst\u00fctzen diverse Unternehmen aus Bereichen wie Versorgung, Sicherheit, Industrie, Bau und Gesundheit mit unseren M2M Karten. [&hellip;]","og_url":"https:\/\/yuka.digital\/en\/m2m-allnet\/","og_site_name":"yuka.digital","article_modified_time":"2026-03-11T10:15:34+00:00","og_image":[{"width":464,"height":190,"url":"https:\/\/yuka.digital\/wp-content\/uploads\/2025\/05\/m2m_allnet_logo_white.png","type":"image\/png"}],"twitter_card":"summary_large_image","twitter_misc":{"Estimated reading time":"2 minutes"},"schema":{"@context":"https:\/\/schema.org","@graph":[{"@type":"WebPage","@id":"https:\/\/yuka.digital\/m2m-allnet\/","url":"https:\/\/yuka.digital\/m2m-allnet\/","name":"M2M Allnet - yuka.digital","isPartOf":{"@id":"https:\/\/yuka.digital\/#website"},"primaryImageOfPage":{"@id":"https:\/\/yuka.digital\/m2m-allnet\/#primaryimage"},"image":{"@id":"https:\/\/yuka.digital\/m2m-allnet\/#primaryimage"},"thumbnailUrl":"https:\/\/yuka.digital\/wp-content\/uploads\/2025\/05\/m2m_allnet_logo_white.png","datePublished":"2025-06-11T14:33:01+00:00","dateModified":"2026-03-11T10:15:34+00:00","breadcrumb":{"@id":"https:\/\/yuka.digital\/m2m-allnet\/#breadcrumb"},"inLanguage":"en-GB","potentialAction":[{"@type":"ReadAction","target":["https:\/\/yuka.digital\/m2m-allnet\/"]}]},{"@type":"ImageObject","inLanguage":"en-GB","@id":"https:\/\/yuka.digital\/m2m-allnet\/#primaryimage","url":"https:\/\/yuka.digital\/wp-content\/uploads\/2025\/05\/m2m_allnet_logo_white.png","contentUrl":"https:\/\/yuka.digital\/wp-content\/uploads\/2025\/05\/m2m_allnet_logo_white.png"},{"@type":"BreadcrumbList","@id":"https:\/\/yuka.digital\/m2m-allnet\/#breadcrumb","itemListElement":[{"@type":"ListItem","position":1,"name":"Startseite","item":"https:\/\/yuka.digital\/"},{"@type":"ListItem","position":2,"name":"M2M Allnet"}]},{"@type":"WebSite","@id":"https:\/\/yuka.digital\/#website","url":"https:\/\/yuka.digital\/","name":"yuka.digital","description":"YUKA.digital","publisher":{"@id":"https:\/\/yuka.digital\/#organization"},"potentialAction":[{"@type":"SearchAction","target":{"@type":"EntryPoint","urlTemplate":"https:\/\/yuka.digital\/?s={search_term_string}"},"query-input":{"@type":"PropertyValueSpecification","valueRequired":true,"valueName":"search_term_string"}}],"inLanguage":"en-GB"},{"@type":"Organization","@id":"https:\/\/yuka.digital\/#organization","name":"yuka.digital","url":"https:\/\/yuka.digital\/","logo":{"@type":"ImageObject","inLanguage":"en-GB","@id":"https:\/\/yuka.digital\/#\/schema\/logo\/image\/","url":"https:\/\/yuka.digital\/wp-content\/uploads\/2022\/03\/yuka_digital_logo.png","contentUrl":"https:\/\/yuka.digital\/wp-content\/uploads\/2022\/03\/yuka_digital_logo.png","width":4568,"height":713,"caption":"yuka.digital"},"image":{"@id":"https:\/\/yuka.digital\/#\/schema\/logo\/image\/"}}]}},"_links":{"self":[{"href":"https:\/\/yuka.digital\/en\/wp-json\/wp\/v2\/pages\/6155","targetHints":{"allow":["GET"]}}],"collection":[{"href":"https:\/\/yuka.digital\/en\/wp-json\/wp\/v2\/pages"}],"about":[{"href":"https:\/\/yuka.digital\/en\/wp-json\/wp\/v2\/types\/page"}],"author":[{"embeddable":true,"href":"https:\/\/yuka.digital\/en\/wp-json\/wp\/v2\/users\/4"}],"replies":[{"embeddable":true,"href":"https:\/\/yuka.digital\/en\/wp-json\/wp\/v2\/comments?post=6155"}],"version-history":[{"count":36,"href":"https:\/\/yuka.digital\/en\/wp-json\/wp\/v2\/pages\/6155\/revisions"}],"predecessor-version":[{"id":7399,"href":"https:\/\/yuka.digital\/en\/wp-json\/wp\/v2\/pages\/6155\/revisions\/7399"}],"wp:attachment":[{"href":"https:\/\/yuka.digital\/en\/wp-json\/wp\/v2\/media?parent=6155"}],"curies":[{"name":"wp","href":"https:\/\/api.w.org\/{rel}","templated":true}]}}