{"id":6531,"date":"2025-06-25T10:37:17","date_gmt":"2025-06-25T10:37:17","guid":{"rendered":"https:\/\/yuka.digital\/?page_id=6531"},"modified":"2026-03-11T10:04:14","modified_gmt":"2026-03-11T10:04:14","slug":"hardware","status":"publish","type":"page","link":"https:\/\/yuka.digital\/en\/hardware\/","title":{"rendered":"Hardware"},"content":{"rendered":"\t\t<div data-elementor-type=\"wp-page\" data-elementor-id=\"6531\" class=\"elementor elementor-6531\" data-elementor-post-type=\"page\">\n\t\t\t\t<div class=\"elementor-element elementor-element-72e11c3 e-flex e-con-boxed e-con e-parent\" data-id=\"72e11c3\" data-element_type=\"container\" data-e-type=\"container\">\n\t\t\t\t\t<div class=\"e-con-inner\">\n\t\t\t\t<div class=\"elementor-element elementor-element-85d1ef6 elementor-widget elementor-widget-heading\" data-id=\"85d1ef6\" data-element_type=\"widget\" data-e-type=\"widget\" data-widget_type=\"heading.default\">\n\t\t\t\t<div class=\"elementor-widget-container\">\n\t\t\t\t\t<p class=\"elementor-heading-title elementor-size-default\"><a href=\"https:\/\/yuka.digital\/leistungen\/\">&lt; Zur\u00fcck zu den Leistungen<\/a><\/p>\t\t\t\t<\/div>\n\t\t\t\t<\/div>\n\t\t\t\t<div class=\"elementor-element elementor-element-b2ac6fc elementor-widget elementor-widget-heading\" data-id=\"b2ac6fc\" data-element_type=\"widget\" data-e-type=\"widget\" data-widget_type=\"heading.default\">\n\t\t\t\t<div class=\"elementor-widget-container\">\n\t\t\t\t\t<p class=\"elementor-heading-title elementor-size-default\">Produktportfolio<\/p>\t\t\t\t<\/div>\n\t\t\t\t<\/div>\n\t\t\t\t<div class=\"elementor-element elementor-element-d0d2a26 elementor-widget elementor-widget-heading\" data-id=\"d0d2a26\" data-element_type=\"widget\" data-e-type=\"widget\" data-widget_type=\"heading.default\">\n\t\t\t\t<div class=\"elementor-widget-container\">\n\t\t\t\t\t<h1 class=\"elementor-heading-title elementor-size-default\">Hardware<\/h1>\t\t\t\t<\/div>\n\t\t\t\t<\/div>\n\t\t\t\t<div class=\"elementor-element elementor-element-7cf5e3e elementor-widget elementor-widget-image\" data-id=\"7cf5e3e\" data-element_type=\"widget\" data-e-type=\"widget\" data-widget_type=\"image.default\">\n\t\t\t\t<div class=\"elementor-widget-container\">\n\t\t\t\t\t\t\t\t\t\t\t\t\t\t\t<img fetchpriority=\"high\" decoding=\"async\" width=\"2560\" height=\"1709\" src=\"https:\/\/yuka.digital\/wp-content\/uploads\/2025\/06\/modern-stationary-collection-arrangement-scaled.jpg\" class=\"attachment-full size-full wp-image-6533\" alt=\"\" srcset=\"https:\/\/yuka.digital\/wp-content\/uploads\/2025\/06\/modern-stationary-collection-arrangement-scaled.jpg 2560w, https:\/\/yuka.digital\/wp-content\/uploads\/2025\/06\/modern-stationary-collection-arrangement-300x200.jpg 300w, https:\/\/yuka.digital\/wp-content\/uploads\/2025\/06\/modern-stationary-collection-arrangement-1024x683.jpg 1024w, https:\/\/yuka.digital\/wp-content\/uploads\/2025\/06\/modern-stationary-collection-arrangement-768x513.jpg 768w, https:\/\/yuka.digital\/wp-content\/uploads\/2025\/06\/modern-stationary-collection-arrangement-1536x1025.jpg 1536w, https:\/\/yuka.digital\/wp-content\/uploads\/2025\/06\/modern-stationary-collection-arrangement-2048x1367.jpg 2048w, https:\/\/yuka.digital\/wp-content\/uploads\/2025\/06\/modern-stationary-collection-arrangement-18x12.jpg 18w\" sizes=\"(max-width: 2560px) 100vw, 2560px\" \/>\t\t\t\t\t\t\t\t\t\t\t\t\t\t\t<\/div>\n\t\t\t\t<\/div>\n\t\t\t\t\t<\/div>\n\t\t\t\t<\/div>\n\t\t<div class=\"elementor-element elementor-element-e7b60ac e-flex e-con-boxed e-con e-parent\" data-id=\"e7b60ac\" data-element_type=\"container\" data-e-type=\"container\">\n\t\t\t\t\t<div class=\"e-con-inner\">\n\t\t<div class=\"elementor-element elementor-element-13aa66e e-con-full e-flex e-con e-child\" data-id=\"13aa66e\" data-element_type=\"container\" data-e-type=\"container\" data-settings=\"{&quot;sticky&quot;:&quot;top&quot;,&quot;sticky_offset&quot;:100,&quot;sticky_on&quot;:[&quot;desktop&quot;,&quot;tablet&quot;],&quot;sticky_effects_offset&quot;:0,&quot;sticky_anchor_link_offset&quot;:0}\">\n\t\t\t\t<div class=\"elementor-element elementor-element-21ca362 elementor-widget elementor-widget-heading\" data-id=\"21ca362\" data-element_type=\"widget\" data-e-type=\"widget\" data-widget_type=\"heading.default\">\n\t\t\t\t<div class=\"elementor-widget-container\">\n\t\t\t\t\t<p class=\"elementor-heading-title elementor-size-default\">Navigation<\/p>\t\t\t\t<\/div>\n\t\t\t\t<\/div>\n\t\t<div class=\"elementor-element elementor-element-95077bc e-con-full e-flex e-con e-child\" data-id=\"95077bc\" data-element_type=\"container\" data-e-type=\"container\">\n\t\t<div class=\"elementor-element elementor-element-4abe1ec e-con-full e-flex e-con e-child\" data-id=\"4abe1ec\" data-element_type=\"container\" data-e-type=\"container\">\n\t\t\t\t<div class=\"elementor-element elementor-element-d8c2e61 elementor-widget elementor-widget-text-editor\" data-id=\"d8c2e61\" data-element_type=\"widget\" data-e-type=\"widget\" data-widget_type=\"text-editor.default\">\n\t\t\t\t<div class=\"elementor-widget-container\">\n\t\t\t\t\t\t\t\t\t<p><a href=\"#produkte\">Produktpallette<\/a><\/p><p><a href=\"#l\u00f6sungen\">L\u00f6sungen<\/a><\/p><p><a href=\"#Kontakt\">Kontakt<\/a><\/p>\t\t\t\t\t\t\t\t<\/div>\n\t\t\t\t<\/div>\n\t\t\t\t<\/div>\n\t\t\t\t<\/div>\n\t\t\t\t<\/div>\n\t\t<div class=\"elementor-element elementor-element-ebd509a e-con-full e-flex e-con e-child\" data-id=\"ebd509a\" data-element_type=\"container\" data-e-type=\"container\">\n\t\t<div class=\"elementor-element elementor-element-1e19a68 e-con-full e-flex e-con e-child\" data-id=\"1e19a68\" data-element_type=\"container\" data-e-type=\"container\">\n\t\t\t\t<div class=\"elementor-element elementor-element-7ef2a17 elementor-widget elementor-widget-text-editor\" data-id=\"7ef2a17\" data-element_type=\"widget\" data-e-type=\"widget\" data-widget_type=\"text-editor.default\">\n\t\t\t\t<div class=\"elementor-widget-container\">\n\t\t\t\t\t\t\t\t\t<p><b><span data-contrast=\"auto\">Yuka.digital <\/span><\/b><span data-contrast=\"auto\">ist Ihr zuverl\u00e4ssiger Partner f\u00fcr leistungsstarke Hardwarel\u00f6sungen in den Bereichen <\/span><b><span data-contrast=\"auto\">Mobile<\/span><\/b><span data-contrast=\"auto\">, <\/span><b><span data-contrast=\"auto\">IoT<\/span><\/b><span data-contrast=\"auto\"> und <\/span><b><span data-contrast=\"auto\">Konsumerelektronik<\/span><\/b><span data-contrast=\"auto\">. Als spezialisiertes Unternehmen im B2B-Sektor bieten wir ein breites Sortiment an sofort verf\u00fcgbaren Produkten f\u00fchrender Marken \u2013 ma\u00dfgeschneidert auf die Anforderungen von Unternehmen, \u00f6ffentlichen Institutionen und kommunalen Einrichtungen.<\/span><span data-ccp-props=\"{}\">\u00a0<\/span><\/p>\t\t\t\t\t\t\t\t<\/div>\n\t\t\t\t<\/div>\n\t\t\t\t<\/div>\n\t\t<div class=\"elementor-element elementor-element-d973c0c e-con-full e-flex e-con e-child\" data-id=\"d973c0c\" data-element_type=\"container\" data-e-type=\"container\">\n\t\t\t\t<div class=\"elementor-element elementor-element-19d1358 elementor-widget elementor-widget-heading\" data-id=\"19d1358\" data-element_type=\"widget\" data-e-type=\"widget\" id=\"produkte\" data-widget_type=\"heading.default\">\n\t\t\t\t<div class=\"elementor-widget-container\">\n\t\t\t\t\t<h2 class=\"elementor-heading-title elementor-size-default\">Breite Produktpalette \u2013 sofort verf\u00fcgbar<\/h2>\t\t\t\t<\/div>\n\t\t\t\t<\/div>\n\t\t\t\t<div class=\"elementor-element elementor-element-6bed381 elementor-widget elementor-widget-text-editor\" data-id=\"6bed381\" data-element_type=\"widget\" data-e-type=\"widget\" data-widget_type=\"text-editor.default\">\n\t\t\t\t<div class=\"elementor-widget-container\">\n\t\t\t\t\t\t\t\t\t<p><strong>Unser Lager umfasst eine Vielzahl an Ger\u00e4ten und Zubeh\u00f6r aus den Bereichen:<\/strong><\/p>\t\t\t\t\t\t\t\t<\/div>\n\t\t\t\t<\/div>\n\t\t<div class=\"elementor-element elementor-element-b8ecbf4 e-con-full e-flex e-con e-child\" data-id=\"b8ecbf4\" data-element_type=\"container\" data-e-type=\"container\" data-settings=\"{&quot;background_background&quot;:&quot;classic&quot;}\">\n\t\t\t\t<div class=\"elementor-element elementor-element-f0e2dae elementor-widget elementor-widget-heading\" data-id=\"f0e2dae\" data-element_type=\"widget\" data-e-type=\"widget\" data-widget_type=\"heading.default\">\n\t\t\t\t<div class=\"elementor-widget-container\">\n\t\t\t\t\t<h3 class=\"elementor-heading-title elementor-size-default\">Mobile Endger\u00e4te<\/h3>\t\t\t\t<\/div>\n\t\t\t\t<\/div>\n\t\t\t\t<div class=\"elementor-element elementor-element-160fa63 elementor-widget elementor-widget-heading\" data-id=\"160fa63\" data-element_type=\"widget\" data-e-type=\"widget\" data-widget_type=\"heading.default\">\n\t\t\t\t<div class=\"elementor-widget-container\">\n\t\t\t\t\t<h4 class=\"elementor-heading-title elementor-size-default\">Smartphones, Tablets, Rugged Devices<\/h4>\t\t\t\t<\/div>\n\t\t\t\t<\/div>\n\t\t\t\t<\/div>\n\t\t<div class=\"elementor-element elementor-element-620ff91 e-con-full e-flex e-con e-child\" data-id=\"620ff91\" data-element_type=\"container\" data-e-type=\"container\" data-settings=\"{&quot;background_background&quot;:&quot;classic&quot;}\">\n\t\t\t\t<div class=\"elementor-element elementor-element-35e995e elementor-widget elementor-widget-heading\" data-id=\"35e995e\" data-element_type=\"widget\" data-e-type=\"widget\" data-widget_type=\"heading.default\">\n\t\t\t\t<div class=\"elementor-widget-container\">\n\t\t\t\t\t<h3 class=\"elementor-heading-title elementor-size-default\">Consumer Electronics<\/h3>\t\t\t\t<\/div>\n\t\t\t\t<\/div>\n\t\t\t\t<div class=\"elementor-element elementor-element-599b144 elementor-widget elementor-widget-heading\" data-id=\"599b144\" data-element_type=\"widget\" data-e-type=\"widget\" data-widget_type=\"heading.default\">\n\t\t\t\t<div class=\"elementor-widget-container\">\n\t\t\t\t\t<h4 class=\"elementor-heading-title elementor-size-default\">Audio, Video, Smart Home<\/h4>\t\t\t\t<\/div>\n\t\t\t\t<\/div>\n\t\t\t\t<\/div>\n\t\t<div class=\"elementor-element elementor-element-2117641 e-con-full e-flex e-con e-child\" data-id=\"2117641\" data-element_type=\"container\" data-e-type=\"container\" data-settings=\"{&quot;background_background&quot;:&quot;classic&quot;}\">\n\t\t\t\t<div class=\"elementor-element elementor-element-360564f elementor-widget elementor-widget-heading\" data-id=\"360564f\" data-element_type=\"widget\" data-e-type=\"widget\" data-widget_type=\"heading.default\">\n\t\t\t\t<div class=\"elementor-widget-container\">\n\t\t\t\t\t<h3 class=\"elementor-heading-title elementor-size-default\">IoT Komponenten<\/h3>\t\t\t\t<\/div>\n\t\t\t\t<\/div>\n\t\t\t\t<div class=\"elementor-element elementor-element-25da80b elementor-widget elementor-widget-heading\" data-id=\"25da80b\" data-element_type=\"widget\" data-e-type=\"widget\" data-widget_type=\"heading.default\">\n\t\t\t\t<div class=\"elementor-widget-container\">\n\t\t\t\t\t<h4 class=\"elementor-heading-title elementor-size-default\">Sensorik, Gateways, Netzwerktechnik<\/h4>\t\t\t\t<\/div>\n\t\t\t\t<\/div>\n\t\t\t\t<\/div>\n\t\t<div class=\"elementor-element elementor-element-f4c8720 e-con-full e-flex e-con e-child\" data-id=\"f4c8720\" data-element_type=\"container\" data-e-type=\"container\" data-settings=\"{&quot;background_background&quot;:&quot;classic&quot;}\">\n\t\t\t\t<div class=\"elementor-element elementor-element-911ad6d elementor-widget elementor-widget-heading\" data-id=\"911ad6d\" data-element_type=\"widget\" data-e-type=\"widget\" data-widget_type=\"heading.default\">\n\t\t\t\t<div class=\"elementor-widget-container\">\n\t\t\t\t\t<h3 class=\"elementor-heading-title elementor-size-default\">IT Zubeh\u00f6r<\/h3>\t\t\t\t<\/div>\n\t\t\t\t<\/div>\n\t\t\t\t<div class=\"elementor-element elementor-element-9517d34 elementor-widget elementor-widget-heading\" data-id=\"9517d34\" data-element_type=\"widget\" data-e-type=\"widget\" data-widget_type=\"heading.default\">\n\t\t\t\t<div class=\"elementor-widget-container\">\n\t\t\t\t\t<h4 class=\"elementor-heading-title elementor-size-default\">und Erweiterungen<\/h4>\t\t\t\t<\/div>\n\t\t\t\t<\/div>\n\t\t\t\t<\/div>\n\t\t\t\t<div class=\"elementor-element elementor-element-f400a6c elementor-widget elementor-widget-text-editor\" data-id=\"f400a6c\" data-element_type=\"widget\" data-e-type=\"widget\" data-widget_type=\"text-editor.default\">\n\t\t\t\t<div class=\"elementor-widget-container\">\n\t\t\t\t\t\t\t\t\t<p><span data-contrast=\"auto\">Dank unseres direkten Zugriffs auf ein gro\u00dfes Markenspektrum k\u00f6nnen wir individuelle Anforderungen schnell, zuverl\u00e4ssig und in gleichbleibend hoher Qualit\u00e4t bedienen. Durch etablierte Partnerschaften mit Herstellern und Distributoren stellen wir sicher, dass unsere Kunden stets Zugang zu neuesten Technologien und bew\u00e4hrten L\u00f6sungen haben.<\/span><span data-ccp-props=\"{}\">\u00a0<\/span><\/p>\t\t\t\t\t\t\t\t<\/div>\n\t\t\t\t<\/div>\n\t\t\t\t<\/div>\n\t\t<div class=\"elementor-element elementor-element-20c525f e-con-full e-flex e-con e-child\" data-id=\"20c525f\" data-element_type=\"container\" data-e-type=\"container\">\n\t\t\t\t<div class=\"elementor-element elementor-element-a2ed7ef elementor-widget elementor-widget-heading\" data-id=\"a2ed7ef\" data-element_type=\"widget\" data-e-type=\"widget\" id=\"l\u00f6sungen\" data-widget_type=\"heading.default\">\n\t\t\t\t<div class=\"elementor-widget-container\">\n\t\t\t\t\t<h2 class=\"elementor-heading-title elementor-size-default\">Zielgruppen&shy;orientierte L\u00f6sungen<\/h2>\t\t\t\t<\/div>\n\t\t\t\t<\/div>\n\t\t<div class=\"elementor-element elementor-element-889251b e-con-full e-flex e-con e-child\" data-id=\"889251b\" data-element_type=\"container\" data-e-type=\"container\">\n\t\t<div class=\"elementor-element elementor-element-c9008b5 e-con-full e-flex e-con e-child\" data-id=\"c9008b5\" data-element_type=\"container\" data-e-type=\"container\">\n\t\t<div class=\"elementor-element elementor-element-9565609 e-con-full e-flex e-con e-child\" data-id=\"9565609\" data-element_type=\"container\" data-e-type=\"container\" data-settings=\"{&quot;background_background&quot;:&quot;classic&quot;}\">\n\t\t\t\t<\/div>\n\t\t<div class=\"elementor-element elementor-element-dd31491 e-con-full e-flex e-con e-child\" data-id=\"dd31491\" data-element_type=\"container\" data-e-type=\"container\">\n\t\t\t\t<div class=\"elementor-element elementor-element-35eeaff elementor-widget elementor-widget-text-editor\" data-id=\"35eeaff\" data-element_type=\"widget\" data-e-type=\"widget\" data-widget_type=\"text-editor.default\">\n\t\t\t\t<div class=\"elementor-widget-container\">\n\t\t\t\t\t\t\t\t\t<p><span data-contrast=\"auto\">Unser Fokus liegt auf der Betreuung von <\/span><b><span data-contrast=\"auto\">Handelspartnern<\/span><\/b><span data-contrast=\"auto\">, <\/span><b><span data-contrast=\"auto\">Unternehmen, St\u00e4dten, Kommunen sowie Verb\u00e4nden<\/span><\/b><span data-contrast=\"auto\">, die zukunftsorientierte Technologien effizient einsetzen m\u00f6chten. Dabei stehen wir unseren Kunden nicht nur als Lieferant, sondern auch als beratender Partner zur Seite \u2013 von der Auswahl der passenden Hardware bis zur Integration in bestehende Infrastrukturen.<\/span><span data-ccp-props=\"{}\">\u00a0<\/span><\/p><p><span data-contrast=\"auto\">Ob im Rahmen von Digitalisierungsstrategien, oder f\u00fcr den Einsatz in industriellen Anwendungen \u2013 wir liefern praxiserprobte Hardwarel\u00f6sungen, die den Unterschied machen.<\/span><span data-ccp-props=\"{}\">\u00a0<\/span><\/p><p><b><span data-contrast=\"auto\">Yuka.digital \u2013 Technik, die verbindet. L\u00f6sungen, die wirken<\/span><\/b><span data-ccp-props=\"{}\">\u00a0<\/span><\/p>\t\t\t\t\t\t\t\t<\/div>\n\t\t\t\t<\/div>\n\t\t\t\t<\/div>\n\t\t\t\t<\/div>\n\t\t\t\t<\/div>\n\t\t\t\t<\/div>\n\t\t\t\t<\/div>\n\t\t\t\t\t<\/div>\n\t\t\t\t<\/div>\n\t\t\t\t<\/div>\n\t\t","protected":false},"excerpt":{"rendered":"<p>&lt; Zur\u00fcck zu den Leistungen Produktportfolio Hardware Navigation Produktpallette L\u00f6sungen Kontakt Yuka.digital ist Ihr zuverl\u00e4ssiger Partner f\u00fcr leistungsstarke Hardwarel\u00f6sungen in den Bereichen Mobile, IoT und Konsumerelektronik. Als spezialisiertes Unternehmen im B2B-Sektor bieten wir ein breites Sortiment an sofort verf\u00fcgbaren Produkten f\u00fchrender Marken \u2013 ma\u00dfgeschneidert auf die Anforderungen von Unternehmen, \u00f6ffentlichen Institutionen und kommunalen Einrichtungen.\u00a0 Breite [&hellip;]<\/p>\n","protected":false},"author":4,"featured_media":0,"parent":0,"menu_order":0,"comment_status":"closed","ping_status":"closed","template":"","meta":{"footnotes":""},"class_list":["post-6531","page","type-page","status-publish","hentry"],"yoast_head":"<!-- This site is optimized with the Yoast SEO plugin v27.3 - https:\/\/yoast.com\/product\/yoast-seo-wordpress\/ -->\n<title>Hardware - yuka.digital<\/title>\n<meta name=\"robots\" content=\"index, follow, max-snippet:-1, max-image-preview:large, max-video-preview:-1\" \/>\n<link rel=\"canonical\" href=\"https:\/\/yuka.digital\/en\/hardware\/\" \/>\n<meta property=\"og:locale\" content=\"en_GB\" \/>\n<meta property=\"og:type\" content=\"article\" \/>\n<meta property=\"og:title\" content=\"Hardware - yuka.digital\" \/>\n<meta property=\"og:description\" content=\"&lt; Zur\u00fcck zu den Leistungen Produktportfolio Hardware Navigation Produktpallette L\u00f6sungen Kontakt Yuka.digital ist Ihr zuverl\u00e4ssiger Partner f\u00fcr leistungsstarke Hardwarel\u00f6sungen in den Bereichen Mobile, IoT und Konsumerelektronik. Als spezialisiertes Unternehmen im B2B-Sektor bieten wir ein breites Sortiment an sofort verf\u00fcgbaren Produkten f\u00fchrender Marken \u2013 ma\u00dfgeschneidert auf die Anforderungen von Unternehmen, \u00f6ffentlichen Institutionen und kommunalen Einrichtungen.\u00a0 Breite [&hellip;]\" \/>\n<meta property=\"og:url\" content=\"https:\/\/yuka.digital\/en\/hardware\/\" \/>\n<meta property=\"og:site_name\" content=\"yuka.digital\" \/>\n<meta property=\"article:modified_time\" content=\"2026-03-11T10:04:14+00:00\" \/>\n<meta property=\"og:image\" content=\"https:\/\/yuka.digital\/wp-content\/uploads\/2025\/06\/modern-stationary-collection-arrangement-scaled.jpg\" \/>\n\t<meta property=\"og:image:width\" content=\"2560\" \/>\n\t<meta property=\"og:image:height\" content=\"1709\" \/>\n\t<meta property=\"og:image:type\" content=\"image\/jpeg\" \/>\n<meta name=\"twitter:card\" content=\"summary_large_image\" \/>\n<meta name=\"twitter:label1\" content=\"Estimated reading time\" \/>\n\t<meta name=\"twitter:data1\" content=\"1 minute\" \/>\n<script type=\"application\/ld+json\" class=\"yoast-schema-graph\">{\"@context\":\"https:\\\/\\\/schema.org\",\"@graph\":[{\"@type\":\"WebPage\",\"@id\":\"https:\\\/\\\/yuka.digital\\\/hardware\\\/\",\"url\":\"https:\\\/\\\/yuka.digital\\\/hardware\\\/\",\"name\":\"Hardware - yuka.digital\",\"isPartOf\":{\"@id\":\"https:\\\/\\\/yuka.digital\\\/#website\"},\"primaryImageOfPage\":{\"@id\":\"https:\\\/\\\/yuka.digital\\\/hardware\\\/#primaryimage\"},\"image\":{\"@id\":\"https:\\\/\\\/yuka.digital\\\/hardware\\\/#primaryimage\"},\"thumbnailUrl\":\"https:\\\/\\\/yuka.digital\\\/wp-content\\\/uploads\\\/2025\\\/06\\\/modern-stationary-collection-arrangement-scaled.jpg\",\"datePublished\":\"2025-06-25T10:37:17+00:00\",\"dateModified\":\"2026-03-11T10:04:14+00:00\",\"breadcrumb\":{\"@id\":\"https:\\\/\\\/yuka.digital\\\/hardware\\\/#breadcrumb\"},\"inLanguage\":\"en-GB\",\"potentialAction\":[{\"@type\":\"ReadAction\",\"target\":[\"https:\\\/\\\/yuka.digital\\\/hardware\\\/\"]}]},{\"@type\":\"ImageObject\",\"inLanguage\":\"en-GB\",\"@id\":\"https:\\\/\\\/yuka.digital\\\/hardware\\\/#primaryimage\",\"url\":\"https:\\\/\\\/yuka.digital\\\/wp-content\\\/uploads\\\/2025\\\/06\\\/modern-stationary-collection-arrangement-scaled.jpg\",\"contentUrl\":\"https:\\\/\\\/yuka.digital\\\/wp-content\\\/uploads\\\/2025\\\/06\\\/modern-stationary-collection-arrangement-scaled.jpg\"},{\"@type\":\"BreadcrumbList\",\"@id\":\"https:\\\/\\\/yuka.digital\\\/hardware\\\/#breadcrumb\",\"itemListElement\":[{\"@type\":\"ListItem\",\"position\":1,\"name\":\"Startseite\",\"item\":\"https:\\\/\\\/yuka.digital\\\/\"},{\"@type\":\"ListItem\",\"position\":2,\"name\":\"Hardware\"}]},{\"@type\":\"WebSite\",\"@id\":\"https:\\\/\\\/yuka.digital\\\/#website\",\"url\":\"https:\\\/\\\/yuka.digital\\\/\",\"name\":\"yuka.digital\",\"description\":\"YUKA.digital\",\"publisher\":{\"@id\":\"https:\\\/\\\/yuka.digital\\\/#organization\"},\"potentialAction\":[{\"@type\":\"SearchAction\",\"target\":{\"@type\":\"EntryPoint\",\"urlTemplate\":\"https:\\\/\\\/yuka.digital\\\/?s={search_term_string}\"},\"query-input\":{\"@type\":\"PropertyValueSpecification\",\"valueRequired\":true,\"valueName\":\"search_term_string\"}}],\"inLanguage\":\"en-GB\"},{\"@type\":\"Organization\",\"@id\":\"https:\\\/\\\/yuka.digital\\\/#organization\",\"name\":\"yuka.digital\",\"url\":\"https:\\\/\\\/yuka.digital\\\/\",\"logo\":{\"@type\":\"ImageObject\",\"inLanguage\":\"en-GB\",\"@id\":\"https:\\\/\\\/yuka.digital\\\/#\\\/schema\\\/logo\\\/image\\\/\",\"url\":\"https:\\\/\\\/yuka.digital\\\/wp-content\\\/uploads\\\/2022\\\/03\\\/yuka_digital_logo.png\",\"contentUrl\":\"https:\\\/\\\/yuka.digital\\\/wp-content\\\/uploads\\\/2022\\\/03\\\/yuka_digital_logo.png\",\"width\":4568,\"height\":713,\"caption\":\"yuka.digital\"},\"image\":{\"@id\":\"https:\\\/\\\/yuka.digital\\\/#\\\/schema\\\/logo\\\/image\\\/\"}}]}<\/script>\n<!-- \/ Yoast SEO plugin. -->","yoast_head_json":{"title":"Hardware - yuka.digital","robots":{"index":"index","follow":"follow","max-snippet":"max-snippet:-1","max-image-preview":"max-image-preview:large","max-video-preview":"max-video-preview:-1"},"canonical":"https:\/\/yuka.digital\/en\/hardware\/","og_locale":"en_GB","og_type":"article","og_title":"Hardware - yuka.digital","og_description":"&lt; Zur\u00fcck zu den Leistungen Produktportfolio Hardware Navigation Produktpallette L\u00f6sungen Kontakt Yuka.digital ist Ihr zuverl\u00e4ssiger Partner f\u00fcr leistungsstarke Hardwarel\u00f6sungen in den Bereichen Mobile, IoT und Konsumerelektronik. Als spezialisiertes Unternehmen im B2B-Sektor bieten wir ein breites Sortiment an sofort verf\u00fcgbaren Produkten f\u00fchrender Marken \u2013 ma\u00dfgeschneidert auf die Anforderungen von Unternehmen, \u00f6ffentlichen Institutionen und kommunalen Einrichtungen.\u00a0 Breite [&hellip;]","og_url":"https:\/\/yuka.digital\/en\/hardware\/","og_site_name":"yuka.digital","article_modified_time":"2026-03-11T10:04:14+00:00","og_image":[{"width":2560,"height":1709,"url":"https:\/\/yuka.digital\/wp-content\/uploads\/2025\/06\/modern-stationary-collection-arrangement-scaled.jpg","type":"image\/jpeg"}],"twitter_card":"summary_large_image","twitter_misc":{"Estimated reading time":"1 minute"},"schema":{"@context":"https:\/\/schema.org","@graph":[{"@type":"WebPage","@id":"https:\/\/yuka.digital\/hardware\/","url":"https:\/\/yuka.digital\/hardware\/","name":"Hardware - yuka.digital","isPartOf":{"@id":"https:\/\/yuka.digital\/#website"},"primaryImageOfPage":{"@id":"https:\/\/yuka.digital\/hardware\/#primaryimage"},"image":{"@id":"https:\/\/yuka.digital\/hardware\/#primaryimage"},"thumbnailUrl":"https:\/\/yuka.digital\/wp-content\/uploads\/2025\/06\/modern-stationary-collection-arrangement-scaled.jpg","datePublished":"2025-06-25T10:37:17+00:00","dateModified":"2026-03-11T10:04:14+00:00","breadcrumb":{"@id":"https:\/\/yuka.digital\/hardware\/#breadcrumb"},"inLanguage":"en-GB","potentialAction":[{"@type":"ReadAction","target":["https:\/\/yuka.digital\/hardware\/"]}]},{"@type":"ImageObject","inLanguage":"en-GB","@id":"https:\/\/yuka.digital\/hardware\/#primaryimage","url":"https:\/\/yuka.digital\/wp-content\/uploads\/2025\/06\/modern-stationary-collection-arrangement-scaled.jpg","contentUrl":"https:\/\/yuka.digital\/wp-content\/uploads\/2025\/06\/modern-stationary-collection-arrangement-scaled.jpg"},{"@type":"BreadcrumbList","@id":"https:\/\/yuka.digital\/hardware\/#breadcrumb","itemListElement":[{"@type":"ListItem","position":1,"name":"Startseite","item":"https:\/\/yuka.digital\/"},{"@type":"ListItem","position":2,"name":"Hardware"}]},{"@type":"WebSite","@id":"https:\/\/yuka.digital\/#website","url":"https:\/\/yuka.digital\/","name":"yuka.digital","description":"YUKA.digital","publisher":{"@id":"https:\/\/yuka.digital\/#organization"},"potentialAction":[{"@type":"SearchAction","target":{"@type":"EntryPoint","urlTemplate":"https:\/\/yuka.digital\/?s={search_term_string}"},"query-input":{"@type":"PropertyValueSpecification","valueRequired":true,"valueName":"search_term_string"}}],"inLanguage":"en-GB"},{"@type":"Organization","@id":"https:\/\/yuka.digital\/#organization","name":"yuka.digital","url":"https:\/\/yuka.digital\/","logo":{"@type":"ImageObject","inLanguage":"en-GB","@id":"https:\/\/yuka.digital\/#\/schema\/logo\/image\/","url":"https:\/\/yuka.digital\/wp-content\/uploads\/2022\/03\/yuka_digital_logo.png","contentUrl":"https:\/\/yuka.digital\/wp-content\/uploads\/2022\/03\/yuka_digital_logo.png","width":4568,"height":713,"caption":"yuka.digital"},"image":{"@id":"https:\/\/yuka.digital\/#\/schema\/logo\/image\/"}}]}},"_links":{"self":[{"href":"https:\/\/yuka.digital\/en\/wp-json\/wp\/v2\/pages\/6531","targetHints":{"allow":["GET"]}}],"collection":[{"href":"https:\/\/yuka.digital\/en\/wp-json\/wp\/v2\/pages"}],"about":[{"href":"https:\/\/yuka.digital\/en\/wp-json\/wp\/v2\/types\/page"}],"author":[{"embeddable":true,"href":"https:\/\/yuka.digital\/en\/wp-json\/wp\/v2\/users\/4"}],"replies":[{"embeddable":true,"href":"https:\/\/yuka.digital\/en\/wp-json\/wp\/v2\/comments?post=6531"}],"version-history":[{"count":31,"href":"https:\/\/yuka.digital\/en\/wp-json\/wp\/v2\/pages\/6531\/revisions"}],"predecessor-version":[{"id":7383,"href":"https:\/\/yuka.digital\/en\/wp-json\/wp\/v2\/pages\/6531\/revisions\/7383"}],"wp:attachment":[{"href":"https:\/\/yuka.digital\/en\/wp-json\/wp\/v2\/media?parent=6531"}],"curies":[{"name":"wp","href":"https:\/\/api.w.org\/{rel}","templated":true}]}}