{"id":6643,"date":"2025-07-01T14:50:02","date_gmt":"2025-07-01T14:50:02","guid":{"rendered":"https:\/\/yuka.digital\/?page_id=6643"},"modified":"2026-03-11T10:12:17","modified_gmt":"2026-03-11T10:12:17","slug":"individualloesungen","status":"publish","type":"page","link":"https:\/\/yuka.digital\/en\/individualloesungen\/","title":{"rendered":"Individuall\u00f6sungen"},"content":{"rendered":"\t\t<div data-elementor-type=\"wp-page\" data-elementor-id=\"6643\" class=\"elementor elementor-6643\" data-elementor-post-type=\"page\">\n\t\t\t\t<div class=\"elementor-element elementor-element-f2c9df3 e-flex e-con-boxed e-con e-parent\" data-id=\"f2c9df3\" data-element_type=\"container\" data-e-type=\"container\">\n\t\t\t\t\t<div class=\"e-con-inner\">\n\t\t\t\t<div class=\"elementor-element elementor-element-42f9839 elementor-widget elementor-widget-heading\" data-id=\"42f9839\" data-element_type=\"widget\" data-e-type=\"widget\" data-widget_type=\"heading.default\">\n\t\t\t\t<div class=\"elementor-widget-container\">\n\t\t\t\t\t<p class=\"elementor-heading-title elementor-size-default\"><a href=\"https:\/\/yuka.digital\/leistungen\/\">&lt; Zur\u00fcck zu den Leistungen<\/a><\/p>\t\t\t\t<\/div>\n\t\t\t\t<\/div>\n\t\t\t\t<div class=\"elementor-element elementor-element-bd8c4d9 elementor-widget elementor-widget-heading\" data-id=\"bd8c4d9\" data-element_type=\"widget\" data-e-type=\"widget\" data-widget_type=\"heading.default\">\n\t\t\t\t<div class=\"elementor-widget-container\">\n\t\t\t\t\t<p class=\"elementor-heading-title elementor-size-default\">Erfolgreiche Digitalisierung mit YUKA.digital<\/p>\t\t\t\t<\/div>\n\t\t\t\t<\/div>\n\t\t\t\t<div class=\"elementor-element elementor-element-40c636c elementor-widget elementor-widget-heading\" data-id=\"40c636c\" data-element_type=\"widget\" data-e-type=\"widget\" data-widget_type=\"heading.default\">\n\t\t\t\t<div class=\"elementor-widget-container\">\n\t\t\t\t\t<h1 class=\"elementor-heading-title elementor-size-default\">Individual&shy;l\u00f6sungen<\/h1>\t\t\t\t<\/div>\n\t\t\t\t<\/div>\n\t\t\t\t<div class=\"elementor-element elementor-element-3bd5949 elementor-widget elementor-widget-image\" data-id=\"3bd5949\" data-element_type=\"widget\" data-e-type=\"widget\" data-widget_type=\"image.default\">\n\t\t\t\t<div class=\"elementor-widget-container\">\n\t\t\t\t\t\t\t\t\t\t\t\t\t\t\t<img fetchpriority=\"high\" decoding=\"async\" width=\"2560\" height=\"1707\" src=\"https:\/\/yuka.digital\/wp-content\/uploads\/2025\/07\/turned-gray-laptop-computer-scaled.jpg\" class=\"attachment-full size-full wp-image-6645\" alt=\"\" srcset=\"https:\/\/yuka.digital\/wp-content\/uploads\/2025\/07\/turned-gray-laptop-computer-scaled.jpg 2560w, https:\/\/yuka.digital\/wp-content\/uploads\/2025\/07\/turned-gray-laptop-computer-300x200.jpg 300w, https:\/\/yuka.digital\/wp-content\/uploads\/2025\/07\/turned-gray-laptop-computer-1024x683.jpg 1024w, https:\/\/yuka.digital\/wp-content\/uploads\/2025\/07\/turned-gray-laptop-computer-768x512.jpg 768w, https:\/\/yuka.digital\/wp-content\/uploads\/2025\/07\/turned-gray-laptop-computer-1536x1024.jpg 1536w, https:\/\/yuka.digital\/wp-content\/uploads\/2025\/07\/turned-gray-laptop-computer-2048x1365.jpg 2048w, https:\/\/yuka.digital\/wp-content\/uploads\/2025\/07\/turned-gray-laptop-computer-18x12.jpg 18w\" sizes=\"(max-width: 2560px) 100vw, 2560px\" \/>\t\t\t\t\t\t\t\t\t\t\t\t\t\t\t<\/div>\n\t\t\t\t<\/div>\n\t\t\t\t\t<\/div>\n\t\t\t\t<\/div>\n\t\t<div class=\"elementor-element elementor-element-ff5914a e-flex e-con-boxed e-con e-parent\" data-id=\"ff5914a\" data-element_type=\"container\" data-e-type=\"container\">\n\t\t\t\t\t<div class=\"e-con-inner\">\n\t\t<div class=\"elementor-element elementor-element-27e5737 e-con-full e-flex e-con e-child\" data-id=\"27e5737\" data-element_type=\"container\" data-e-type=\"container\" data-settings=\"{&quot;sticky&quot;:&quot;top&quot;,&quot;sticky_offset&quot;:100,&quot;sticky_on&quot;:[&quot;desktop&quot;],&quot;sticky_effects_offset&quot;:0,&quot;sticky_anchor_link_offset&quot;:0}\">\n\t\t\t\t<div class=\"elementor-element elementor-element-d558ab4 elementor-widget elementor-widget-heading\" data-id=\"d558ab4\" data-element_type=\"widget\" data-e-type=\"widget\" data-widget_type=\"heading.default\">\n\t\t\t\t<div class=\"elementor-widget-container\">\n\t\t\t\t\t<p class=\"elementor-heading-title elementor-size-default\">Navigation<\/p>\t\t\t\t<\/div>\n\t\t\t\t<\/div>\n\t\t<div class=\"elementor-element elementor-element-6223588 e-con-full nav e-flex e-con e-child\" data-id=\"6223588\" data-element_type=\"container\" data-e-type=\"container\">\n\t\t<div class=\"elementor-element elementor-element-2f83360 e-con-full e-flex e-con e-child\" data-id=\"2f83360\" data-element_type=\"container\" data-e-type=\"container\">\n\t\t\t\t<div class=\"elementor-element elementor-element-87e3b5f elementor-widget elementor-widget-text-editor\" data-id=\"87e3b5f\" data-element_type=\"widget\" data-e-type=\"widget\" data-widget_type=\"text-editor.default\">\n\t\t\t\t<div class=\"elementor-widget-container\">\n\t\t\t\t\t\t\t\t\t<p><a href=\"#software\">Ma\u00dfgeschneiderte Software<\/a><\/p><p><a href=\"#betreuung\">Ganzheitliche Betreuung<\/a><\/p><p><a href=\"#l\u00f6sungen\">Vernetzte L\u00f6sungen<\/a><\/p><p><a href=\"#Kontakt\">Kontakt<\/a><\/p>\t\t\t\t\t\t\t\t<\/div>\n\t\t\t\t<\/div>\n\t\t\t\t<\/div>\n\t\t\t\t<\/div>\n\t\t\t\t<\/div>\n\t\t<div class=\"elementor-element elementor-element-54c7847 e-con-full e-flex e-con e-child\" data-id=\"54c7847\" data-element_type=\"container\" data-e-type=\"container\">\n\t\t<div class=\"elementor-element elementor-element-c5e9182 e-con-full e-flex e-con e-child\" data-id=\"c5e9182\" data-element_type=\"container\" data-e-type=\"container\" id=\"software\">\n\t\t\t\t<div class=\"elementor-element elementor-element-2aba598 elementor-widget elementor-widget-heading\" data-id=\"2aba598\" data-element_type=\"widget\" data-e-type=\"widget\" data-widget_type=\"heading.default\">\n\t\t\t\t<div class=\"elementor-widget-container\">\n\t\t\t\t\t<h2 class=\"elementor-heading-title elementor-size-default\">Ma\u00dfgeschneiderte Software f\u00fcr Ihre Anforderungen<\/h2>\t\t\t\t<\/div>\n\t\t\t\t<\/div>\n\t\t\t\t<div class=\"elementor-element elementor-element-3cb489b elementor-widget elementor-widget-text-editor\" data-id=\"3cb489b\" data-element_type=\"widget\" data-e-type=\"widget\" data-widget_type=\"text-editor.default\">\n\t\t\t\t<div class=\"elementor-widget-container\">\n\t\t\t\t\t\t\t\t\t<p>In einer immer komplexer werdenden digitalen Welt ist es entscheidend, dass Softwarel\u00f6sungen exakt auf die individuellen Bed\u00fcrfnisse eines Unternehmens zugeschnitten sind. Bei YUKA.digital setzen wir genau hier an: Wir entwickeln innovative, passgenaue Software, die Ihre speziellen Gesch\u00e4ftsprozesse und Anforderungen in den Mittelpunkt stellt. Egal ob Sie eine IoT-Anwendung zur intelligenten Vernetzung Ihrer Ger\u00e4te, eine smarte Flottenmanagement-L\u00f6sung oder komplexe M2M-Kommunikationsplattformen ben\u00f6tigen \u2013 unsere Expertise erlaubt es uns, ma\u00dfgeschneiderte digitale Werkzeuge zu schaffen, die Ihre Arbeitsabl\u00e4ufe nicht nur effizienter und transparenter machen, sondern auch zukunftssicher gestalten. Dabei integrieren wir Ihre bestehenden Systeme nahtlos in unsere L\u00f6sungen, um so eine reibungslose und effiziente Zusammenarbeit aller Komponenten sicherzustellen.<\/p>\t\t\t\t\t\t\t\t<\/div>\n\t\t\t\t<\/div>\n\t\t<div class=\"elementor-element elementor-element-50cf0d0 e-con-full e-flex e-con e-child\" data-id=\"50cf0d0\" data-element_type=\"container\" data-e-type=\"container\" id=\"banner\" data-settings=\"{&quot;background_background&quot;:&quot;gradient&quot;}\">\n\t\t<div class=\"elementor-element elementor-element-822c781 e-con-full e-flex e-con e-child\" data-id=\"822c781\" data-element_type=\"container\" data-e-type=\"container\">\n\t\t\t\t<div class=\"elementor-element elementor-element-85ed8d1 elementor-widget elementor-widget-heading\" data-id=\"85ed8d1\" data-element_type=\"widget\" data-e-type=\"widget\" data-widget_type=\"heading.default\">\n\t\t\t\t<div class=\"elementor-widget-container\">\n\t\t\t\t\t<p class=\"elementor-heading-title elementor-size-default\">Erfahren Sie, wie wir andere Unternehmen bereits weiter&shy;geholfen haben.<\/p>\t\t\t\t<\/div>\n\t\t\t\t<\/div>\n\t\t\t\t<\/div>\n\t\t<div class=\"elementor-element elementor-element-5487c3f e-con-full e-flex e-con e-child\" data-id=\"5487c3f\" data-element_type=\"container\" data-e-type=\"container\">\n\t\t\t\t<div class=\"elementor-element elementor-element-bb51bd2 elementor-align-right elementor-mobile-align-justify elementor-widget elementor-widget-button\" data-id=\"bb51bd2\" data-element_type=\"widget\" data-e-type=\"widget\" data-widget_type=\"button.default\">\n\t\t\t\t<div class=\"elementor-widget-container\">\n\t\t\t\t\t\t\t\t\t<div class=\"elementor-button-wrapper\">\n\t\t\t\t\t<a class=\"elementor-button elementor-button-link elementor-size-sm\" href=\"https:\/\/yuka.digital\/fallbeispiele\/\">\n\t\t\t\t\t\t<span class=\"elementor-button-content-wrapper\">\n\t\t\t\t\t\t<span class=\"elementor-button-icon\">\n\t\t\t\t<i aria-hidden=\"true\" class=\"fas fa-chevron-right\"><\/i>\t\t\t<\/span>\n\t\t\t\t\t\t\t\t\t<span class=\"elementor-button-text\">Zu den Erfolgsgeschichten<\/span>\n\t\t\t\t\t<\/span>\n\t\t\t\t\t<\/a>\n\t\t\t\t<\/div>\n\t\t\t\t\t\t\t\t<\/div>\n\t\t\t\t<\/div>\n\t\t\t\t<\/div>\n\t\t\t\t<\/div>\n\t\t\t\t<\/div>\n\t\t<div class=\"elementor-element elementor-element-3696985 e-con-full betreuung e-flex e-con e-child\" data-id=\"3696985\" data-element_type=\"container\" data-e-type=\"container\" id=\"betreuung\">\n\t\t\t\t<div class=\"elementor-element elementor-element-1209eee elementor-widget elementor-widget-heading\" data-id=\"1209eee\" data-element_type=\"widget\" data-e-type=\"widget\" data-widget_type=\"heading.default\">\n\t\t\t\t<div class=\"elementor-widget-container\">\n\t\t\t\t\t<h2 class=\"elementor-heading-title elementor-size-default\">Ganzheitliche Betreuung<\/h2>\t\t\t\t<\/div>\n\t\t\t\t<\/div>\n\t\t\t\t<div class=\"elementor-element elementor-element-af89790 elementor-widget elementor-widget-text-editor\" data-id=\"af89790\" data-element_type=\"widget\" data-e-type=\"widget\" data-widget_type=\"text-editor.default\">\n\t\t\t\t<div class=\"elementor-widget-container\">\n\t\t\t\t\t\t\t\t\t<p>Unser engagiertes und dynamisches Team begleitet Sie vertrauensvoll durch den gesamten Entwicklungsprozess Ihrer individuellen Softwarel\u00f6sung. Von der ersten ausf\u00fchrlichen Beratung, bei der wir Ihre W\u00fcnsche und Herausforderungen genau verstehen, \u00fcber die agile und flexible Entwicklung bis hin zur langfristigen Wartung und kontinuierlichen Weiterentwicklung stehen wir Ihnen als zuverl\u00e4ssiger Partner zur Seite. Dabei legen wir gro\u00dfen Wert auf offene Kommunikation und eine enge Zusammenarbeit, um rasch auf Ver\u00e4nderungen reagieren und neue Anforderungen umsetzen zu k\u00f6nnen. Mit unserem Software-as-a-Service-Modell erm\u00f6glichen wir Ihnen zudem eine flexible, skalierbare L\u00f6sung, die mit Ihrem Unternehmen w\u00e4chst und sich jederzeit anpassen l\u00e4sst \u2013 f\u00fcr eine nachhaltige digitale Transformation.<\/p>\t\t\t\t\t\t\t\t<\/div>\n\t\t\t\t<\/div>\n\t\t\t\t<\/div>\n\t\t<div class=\"elementor-element elementor-element-d6a8350 e-con-full e-flex e-con e-child\" data-id=\"d6a8350\" data-element_type=\"container\" data-e-type=\"container\" id=\"l\u00f6sungen\">\n\t\t\t\t<div class=\"elementor-element elementor-element-5af75db elementor-widget elementor-widget-heading\" data-id=\"5af75db\" data-element_type=\"widget\" data-e-type=\"widget\" data-widget_type=\"heading.default\">\n\t\t\t\t<div class=\"elementor-widget-container\">\n\t\t\t\t\t<h2 class=\"elementor-heading-title elementor-size-default\">Vernetzte L\u00f6sungen im YUKA.digital \u00d6kosystem<\/h2>\t\t\t\t<\/div>\n\t\t\t\t<\/div>\n\t\t\t\t<div class=\"elementor-element elementor-element-a88207f elementor-widget elementor-widget-text-editor\" data-id=\"a88207f\" data-element_type=\"widget\" data-e-type=\"widget\" data-widget_type=\"text-editor.default\">\n\t\t\t\t<div class=\"elementor-widget-container\">\n\t\t\t\t\t\t\t\t\t<p>Software von YUKA.digital ist nie eine Einzelma\u00dfnahme, sondern stets eingebettet in ein umfassendes, intelligent vernetztes \u00d6kosystem. Unsere Eigenentwicklungen wie routecontrol, Yukatrack und M2M Allnet sind dabei perfekt aufeinander abgestimmt und schaffen gemeinsam eine modulare Plattform, die alle relevanten Aspekte von Telematik, IoT und M2M-Konnektivit\u00e4t abdeckt. Diese Vernetzung erm\u00f6glicht es Ihnen, verschiedenste Anwendungen zentral zu steuern, Daten effizient auszuwerten und neue digitale Potenziale zu erschlie\u00dfen. So unterst\u00fctzen wir Sie nicht nur bei der Entwicklung einer individuellen Software, sondern auch bei der erfolgreichen Umsetzung Ihrer gesamten Digitalstrategie \u2013 flexibel, erweiterbar und zukunftsorientiert.<\/p>\t\t\t\t\t\t\t\t<\/div>\n\t\t\t\t<\/div>\n\t\t\t\t<\/div>\n\t\t\t\t<\/div>\n\t\t\t\t\t<\/div>\n\t\t\t\t<\/div>\n\t\t\t\t<\/div>\n\t\t","protected":false},"excerpt":{"rendered":"<p>&lt; Zur\u00fcck zu den Leistungen Erfolgreiche Digitalisierung mit YUKA.digital Individual&shy;l\u00f6sungen Navigation Ma\u00dfgeschneiderte Software Ganzheitliche Betreuung Vernetzte L\u00f6sungen Kontakt Ma\u00dfgeschneiderte Software f\u00fcr Ihre Anforderungen In einer immer komplexer werdenden digitalen Welt ist es entscheidend, dass Softwarel\u00f6sungen exakt auf die individuellen Bed\u00fcrfnisse eines Unternehmens zugeschnitten sind. Bei YUKA.digital setzen wir genau hier an: Wir entwickeln innovative, passgenaue [&hellip;]<\/p>\n","protected":false},"author":4,"featured_media":0,"parent":0,"menu_order":0,"comment_status":"closed","ping_status":"closed","template":"","meta":{"footnotes":""},"class_list":["post-6643","page","type-page","status-publish","hentry"],"yoast_head":"<!-- This site is optimized with the Yoast SEO plugin v27.4 - https:\/\/yoast.com\/product\/yoast-seo-wordpress\/ -->\n<title>Individuall\u00f6sungen - yuka.digital<\/title>\n<meta name=\"robots\" content=\"index, follow, max-snippet:-1, max-image-preview:large, max-video-preview:-1\" \/>\n<link rel=\"canonical\" href=\"https:\/\/yuka.digital\/en\/individualloesungen\/\" \/>\n<meta property=\"og:locale\" content=\"en_GB\" \/>\n<meta property=\"og:type\" content=\"article\" \/>\n<meta property=\"og:title\" content=\"Individuall\u00f6sungen - yuka.digital\" \/>\n<meta property=\"og:description\" content=\"&lt; Zur\u00fcck zu den Leistungen Erfolgreiche Digitalisierung mit YUKA.digital Individual&shy;l\u00f6sungen Navigation Ma\u00dfgeschneiderte Software Ganzheitliche Betreuung Vernetzte L\u00f6sungen Kontakt Ma\u00dfgeschneiderte Software f\u00fcr Ihre Anforderungen In einer immer komplexer werdenden digitalen Welt ist es entscheidend, dass Softwarel\u00f6sungen exakt auf die individuellen Bed\u00fcrfnisse eines Unternehmens zugeschnitten sind. Bei YUKA.digital setzen wir genau hier an: Wir entwickeln innovative, passgenaue [&hellip;]\" \/>\n<meta property=\"og:url\" content=\"https:\/\/yuka.digital\/en\/individualloesungen\/\" \/>\n<meta property=\"og:site_name\" content=\"yuka.digital\" \/>\n<meta property=\"article:modified_time\" content=\"2026-03-11T10:12:17+00:00\" \/>\n<meta property=\"og:image\" content=\"https:\/\/yuka.digital\/wp-content\/uploads\/2025\/07\/turned-gray-laptop-computer-scaled.jpg\" \/>\n\t<meta property=\"og:image:width\" content=\"2560\" \/>\n\t<meta property=\"og:image:height\" content=\"1707\" \/>\n\t<meta property=\"og:image:type\" content=\"image\/jpeg\" \/>\n<meta name=\"twitter:card\" content=\"summary_large_image\" \/>\n<meta name=\"twitter:label1\" content=\"Estimated reading time\" \/>\n\t<meta name=\"twitter:data1\" content=\"2 minutes\" \/>\n<script type=\"application\/ld+json\" class=\"yoast-schema-graph\">{\"@context\":\"https:\\\/\\\/schema.org\",\"@graph\":[{\"@type\":\"WebPage\",\"@id\":\"https:\\\/\\\/yuka.digital\\\/individualloesungen\\\/\",\"url\":\"https:\\\/\\\/yuka.digital\\\/individualloesungen\\\/\",\"name\":\"Individuall\u00f6sungen - yuka.digital\",\"isPartOf\":{\"@id\":\"https:\\\/\\\/yuka.digital\\\/#website\"},\"primaryImageOfPage\":{\"@id\":\"https:\\\/\\\/yuka.digital\\\/individualloesungen\\\/#primaryimage\"},\"image\":{\"@id\":\"https:\\\/\\\/yuka.digital\\\/individualloesungen\\\/#primaryimage\"},\"thumbnailUrl\":\"https:\\\/\\\/yuka.digital\\\/wp-content\\\/uploads\\\/2025\\\/07\\\/turned-gray-laptop-computer-scaled.jpg\",\"datePublished\":\"2025-07-01T14:50:02+00:00\",\"dateModified\":\"2026-03-11T10:12:17+00:00\",\"breadcrumb\":{\"@id\":\"https:\\\/\\\/yuka.digital\\\/individualloesungen\\\/#breadcrumb\"},\"inLanguage\":\"en-GB\",\"potentialAction\":[{\"@type\":\"ReadAction\",\"target\":[\"https:\\\/\\\/yuka.digital\\\/individualloesungen\\\/\"]}]},{\"@type\":\"ImageObject\",\"inLanguage\":\"en-GB\",\"@id\":\"https:\\\/\\\/yuka.digital\\\/individualloesungen\\\/#primaryimage\",\"url\":\"https:\\\/\\\/yuka.digital\\\/wp-content\\\/uploads\\\/2025\\\/07\\\/turned-gray-laptop-computer-scaled.jpg\",\"contentUrl\":\"https:\\\/\\\/yuka.digital\\\/wp-content\\\/uploads\\\/2025\\\/07\\\/turned-gray-laptop-computer-scaled.jpg\"},{\"@type\":\"BreadcrumbList\",\"@id\":\"https:\\\/\\\/yuka.digital\\\/individualloesungen\\\/#breadcrumb\",\"itemListElement\":[{\"@type\":\"ListItem\",\"position\":1,\"name\":\"Startseite\",\"item\":\"https:\\\/\\\/yuka.digital\\\/\"},{\"@type\":\"ListItem\",\"position\":2,\"name\":\"Individuall\u00f6sungen\"}]},{\"@type\":\"WebSite\",\"@id\":\"https:\\\/\\\/yuka.digital\\\/#website\",\"url\":\"https:\\\/\\\/yuka.digital\\\/\",\"name\":\"yuka.digital\",\"description\":\"YUKA.digital\",\"publisher\":{\"@id\":\"https:\\\/\\\/yuka.digital\\\/#organization\"},\"potentialAction\":[{\"@type\":\"SearchAction\",\"target\":{\"@type\":\"EntryPoint\",\"urlTemplate\":\"https:\\\/\\\/yuka.digital\\\/?s={search_term_string}\"},\"query-input\":{\"@type\":\"PropertyValueSpecification\",\"valueRequired\":true,\"valueName\":\"search_term_string\"}}],\"inLanguage\":\"en-GB\"},{\"@type\":\"Organization\",\"@id\":\"https:\\\/\\\/yuka.digital\\\/#organization\",\"name\":\"yuka.digital\",\"url\":\"https:\\\/\\\/yuka.digital\\\/\",\"logo\":{\"@type\":\"ImageObject\",\"inLanguage\":\"en-GB\",\"@id\":\"https:\\\/\\\/yuka.digital\\\/#\\\/schema\\\/logo\\\/image\\\/\",\"url\":\"https:\\\/\\\/yuka.digital\\\/wp-content\\\/uploads\\\/2022\\\/03\\\/yuka_digital_logo.png\",\"contentUrl\":\"https:\\\/\\\/yuka.digital\\\/wp-content\\\/uploads\\\/2022\\\/03\\\/yuka_digital_logo.png\",\"width\":4568,\"height\":713,\"caption\":\"yuka.digital\"},\"image\":{\"@id\":\"https:\\\/\\\/yuka.digital\\\/#\\\/schema\\\/logo\\\/image\\\/\"}}]}<\/script>\n<!-- \/ Yoast SEO plugin. -->","yoast_head_json":{"title":"Individuall\u00f6sungen - yuka.digital","robots":{"index":"index","follow":"follow","max-snippet":"max-snippet:-1","max-image-preview":"max-image-preview:large","max-video-preview":"max-video-preview:-1"},"canonical":"https:\/\/yuka.digital\/en\/individualloesungen\/","og_locale":"en_GB","og_type":"article","og_title":"Individuall\u00f6sungen - yuka.digital","og_description":"&lt; Zur\u00fcck zu den Leistungen Erfolgreiche Digitalisierung mit YUKA.digital Individual&shy;l\u00f6sungen Navigation Ma\u00dfgeschneiderte Software Ganzheitliche Betreuung Vernetzte L\u00f6sungen Kontakt Ma\u00dfgeschneiderte Software f\u00fcr Ihre Anforderungen In einer immer komplexer werdenden digitalen Welt ist es entscheidend, dass Softwarel\u00f6sungen exakt auf die individuellen Bed\u00fcrfnisse eines Unternehmens zugeschnitten sind. Bei YUKA.digital setzen wir genau hier an: Wir entwickeln innovative, passgenaue [&hellip;]","og_url":"https:\/\/yuka.digital\/en\/individualloesungen\/","og_site_name":"yuka.digital","article_modified_time":"2026-03-11T10:12:17+00:00","og_image":[{"width":2560,"height":1707,"url":"https:\/\/yuka.digital\/wp-content\/uploads\/2025\/07\/turned-gray-laptop-computer-scaled.jpg","type":"image\/jpeg"}],"twitter_card":"summary_large_image","twitter_misc":{"Estimated reading time":"2 minutes"},"schema":{"@context":"https:\/\/schema.org","@graph":[{"@type":"WebPage","@id":"https:\/\/yuka.digital\/individualloesungen\/","url":"https:\/\/yuka.digital\/individualloesungen\/","name":"Individuall\u00f6sungen - yuka.digital","isPartOf":{"@id":"https:\/\/yuka.digital\/#website"},"primaryImageOfPage":{"@id":"https:\/\/yuka.digital\/individualloesungen\/#primaryimage"},"image":{"@id":"https:\/\/yuka.digital\/individualloesungen\/#primaryimage"},"thumbnailUrl":"https:\/\/yuka.digital\/wp-content\/uploads\/2025\/07\/turned-gray-laptop-computer-scaled.jpg","datePublished":"2025-07-01T14:50:02+00:00","dateModified":"2026-03-11T10:12:17+00:00","breadcrumb":{"@id":"https:\/\/yuka.digital\/individualloesungen\/#breadcrumb"},"inLanguage":"en-GB","potentialAction":[{"@type":"ReadAction","target":["https:\/\/yuka.digital\/individualloesungen\/"]}]},{"@type":"ImageObject","inLanguage":"en-GB","@id":"https:\/\/yuka.digital\/individualloesungen\/#primaryimage","url":"https:\/\/yuka.digital\/wp-content\/uploads\/2025\/07\/turned-gray-laptop-computer-scaled.jpg","contentUrl":"https:\/\/yuka.digital\/wp-content\/uploads\/2025\/07\/turned-gray-laptop-computer-scaled.jpg"},{"@type":"BreadcrumbList","@id":"https:\/\/yuka.digital\/individualloesungen\/#breadcrumb","itemListElement":[{"@type":"ListItem","position":1,"name":"Startseite","item":"https:\/\/yuka.digital\/"},{"@type":"ListItem","position":2,"name":"Individuall\u00f6sungen"}]},{"@type":"WebSite","@id":"https:\/\/yuka.digital\/#website","url":"https:\/\/yuka.digital\/","name":"yuka.digital","description":"YUKA.digital","publisher":{"@id":"https:\/\/yuka.digital\/#organization"},"potentialAction":[{"@type":"SearchAction","target":{"@type":"EntryPoint","urlTemplate":"https:\/\/yuka.digital\/?s={search_term_string}"},"query-input":{"@type":"PropertyValueSpecification","valueRequired":true,"valueName":"search_term_string"}}],"inLanguage":"en-GB"},{"@type":"Organization","@id":"https:\/\/yuka.digital\/#organization","name":"yuka.digital","url":"https:\/\/yuka.digital\/","logo":{"@type":"ImageObject","inLanguage":"en-GB","@id":"https:\/\/yuka.digital\/#\/schema\/logo\/image\/","url":"https:\/\/yuka.digital\/wp-content\/uploads\/2022\/03\/yuka_digital_logo.png","contentUrl":"https:\/\/yuka.digital\/wp-content\/uploads\/2022\/03\/yuka_digital_logo.png","width":4568,"height":713,"caption":"yuka.digital"},"image":{"@id":"https:\/\/yuka.digital\/#\/schema\/logo\/image\/"}}]}},"_links":{"self":[{"href":"https:\/\/yuka.digital\/en\/wp-json\/wp\/v2\/pages\/6643","targetHints":{"allow":["GET"]}}],"collection":[{"href":"https:\/\/yuka.digital\/en\/wp-json\/wp\/v2\/pages"}],"about":[{"href":"https:\/\/yuka.digital\/en\/wp-json\/wp\/v2\/types\/page"}],"author":[{"embeddable":true,"href":"https:\/\/yuka.digital\/en\/wp-json\/wp\/v2\/users\/4"}],"replies":[{"embeddable":true,"href":"https:\/\/yuka.digital\/en\/wp-json\/wp\/v2\/comments?post=6643"}],"version-history":[{"count":61,"href":"https:\/\/yuka.digital\/en\/wp-json\/wp\/v2\/pages\/6643\/revisions"}],"predecessor-version":[{"id":7390,"href":"https:\/\/yuka.digital\/en\/wp-json\/wp\/v2\/pages\/6643\/revisions\/7390"}],"wp:attachment":[{"href":"https:\/\/yuka.digital\/en\/wp-json\/wp\/v2\/media?parent=6643"}],"curies":[{"name":"wp","href":"https:\/\/api.w.org\/{rel}","templated":true}]}}