{"id":7252,"date":"2026-03-09T15:33:59","date_gmt":"2026-03-09T15:33:59","guid":{"rendered":"https:\/\/yuka.digital\/?page_id=7252"},"modified":"2026-03-11T14:53:13","modified_gmt":"2026-03-11T14:53:13","slug":"yuka-digital-business-tarif","status":"publish","type":"page","link":"https:\/\/yuka.digital\/en\/yuka-digital-business-tarif\/","title":{"rendered":"Yuka Digital Business Tarif"},"content":{"rendered":"\t\t<div data-elementor-type=\"wp-page\" data-elementor-id=\"7252\" class=\"elementor elementor-7252\" data-elementor-post-type=\"page\">\n\t\t\t\t<div class=\"elementor-element elementor-element-d4304d7 e-flex e-con-boxed e-con e-parent\" data-id=\"d4304d7\" data-element_type=\"container\" data-e-type=\"container\" data-settings=\"{&quot;background_background&quot;:&quot;classic&quot;}\">\n\t\t\t\t\t<div class=\"e-con-inner\">\n\t\t<div class=\"elementor-element elementor-element-d1a6763 e-con-full e-flex e-con e-child\" data-id=\"d1a6763\" data-element_type=\"container\" data-e-type=\"container\">\n\t\t<div class=\"elementor-element elementor-element-b7fccd4 e-con-full e-flex e-con e-child\" data-id=\"b7fccd4\" data-element_type=\"container\" data-e-type=\"container\">\n\t\t\t\t<div class=\"elementor-element elementor-element-4f0f152 elementor-widget__width-auto elementor-widget elementor-widget-image\" data-id=\"4f0f152\" data-element_type=\"widget\" data-e-type=\"widget\" data-widget_type=\"image.default\">\n\t\t\t\t<div class=\"elementor-widget-container\">\n\t\t\t\t\t\t\t\t\t\t\t\t\t\t\t<img decoding=\"async\" src=\"https:\/\/yuka.digital\/wp-content\/uploads\/2026\/03\/Yuka-Digital-X-O2-scaled.png\" title=\"Yuka Digital X O2\" alt=\"Yuka Digital X O2\" loading=\"lazy\" \/>\t\t\t\t\t\t\t\t\t\t\t\t\t\t\t<\/div>\n\t\t\t\t<\/div>\n\t\t\t\t<div class=\"elementor-element elementor-element-c980ee1 elementor-widget elementor-widget-heading\" data-id=\"c980ee1\" data-element_type=\"widget\" data-e-type=\"widget\" data-widget_type=\"heading.default\">\n\t\t\t\t<div class=\"elementor-widget-container\">\n\t\t\t\t\t<h2 class=\"elementor-heading-title elementor-size-default\">Unlimitiertes Datenvolumen<\/h2>\t\t\t\t<\/div>\n\t\t\t\t<\/div>\n\t\t\t\t<div class=\"elementor-element elementor-element-4dbe95b elementor-widget elementor-widget-heading\" data-id=\"4dbe95b\" data-element_type=\"widget\" data-e-type=\"widget\" data-widget_type=\"heading.default\">\n\t\t\t\t<div class=\"elementor-widget-container\">\n\t\t\t\t\t<h2 class=\"elementor-heading-title elementor-size-default\">mit der O2 Multicard<\/h2>\t\t\t\t<\/div>\n\t\t\t\t<\/div>\n\t\t\t\t<div class=\"elementor-element elementor-element-79e3424 elementor-widget__width-initial elementor-widget elementor-widget-text-editor\" data-id=\"79e3424\" data-element_type=\"widget\" data-e-type=\"widget\" data-widget_type=\"text-editor.default\">\n\t\t\t\t<div class=\"elementor-widget-container\">\n\t\t\t\t\t\t\t\t\t<p>Mit der Multicard kannst du einen Vertrag auf mehreren Ger\u00e4ten gleichzeitig nutzen. Egal ob Smartphone, Tablet oder Smartwatch \u2013 alle Ger\u00e4te teilen sich eine Rufnummer. So kannst du unterwegs surfen und telefonieren, ohne die SIM wechseln zu m\u00fcssen.<\/p>\t\t\t\t\t\t\t\t<\/div>\n\t\t\t\t<\/div>\n\t\t\t\t<div class=\"elementor-element elementor-element-5f99485 elementor-widget elementor-widget-heading\" data-id=\"5f99485\" data-element_type=\"widget\" data-e-type=\"widget\" data-widget_type=\"heading.default\">\n\t\t\t\t<div class=\"elementor-widget-container\">\n\t\t\t\t\t<p class=\"elementor-heading-title elementor-size-default\">statt <s>60,-\u20ac<\/s><\/p>\t\t\t\t<\/div>\n\t\t\t\t<\/div>\n\t\t\t\t<div class=\"elementor-element elementor-element-b2e2b89 elementor-widget elementor-widget-heading\" data-id=\"b2e2b89\" data-element_type=\"widget\" data-e-type=\"widget\" data-widget_type=\"heading.default\">\n\t\t\t\t<div class=\"elementor-widget-container\">\n\t\t\t\t\t<p class=\"elementor-heading-title elementor-size-default\">nur 18,- \u20ac mtl.<\/p>\t\t\t\t<\/div>\n\t\t\t\t<\/div>\n\t\t\t\t<div class=\"elementor-element elementor-element-0ec1073 elementor-widget elementor-widget-button\" data-id=\"0ec1073\" data-element_type=\"widget\" data-e-type=\"widget\" data-widget_type=\"button.default\">\n\t\t\t\t<div class=\"elementor-widget-container\">\n\t\t\t\t\t\t\t\t\t<div class=\"elementor-button-wrapper\">\n\t\t\t\t\t<a class=\"elementor-button elementor-button-link elementor-size-sm\" href=\"#Kontakt\">\n\t\t\t\t\t\t<span class=\"elementor-button-content-wrapper\">\n\t\t\t\t\t\t\t\t\t<span class=\"elementor-button-text\">Angebot anfordern<\/span>\n\t\t\t\t\t<\/span>\n\t\t\t\t\t<\/a>\n\t\t\t\t<\/div>\n\t\t\t\t\t\t\t\t<\/div>\n\t\t\t\t<\/div>\n\t\t\t\t<\/div>\n\t\t\t\t<\/div>\n\t\t<div class=\"elementor-element elementor-element-e86ffab e-con-full e-flex e-con e-child\" data-id=\"e86ffab\" data-element_type=\"container\" data-e-type=\"container\">\n\t\t<div class=\"elementor-element elementor-element-76f648c e-con-full sim-card e-flex e-con e-child\" data-id=\"76f648c\" data-element_type=\"container\" data-e-type=\"container\" data-settings=\"{&quot;background_background&quot;:&quot;classic&quot;}\">\n\t\t<div class=\"elementor-element elementor-element-8cb6335 e-con-full e-flex e-con e-child\" data-id=\"8cb6335\" data-element_type=\"container\" data-e-type=\"container\">\n\t\t\t\t<div class=\"elementor-element elementor-element-3f7401b elementor-view-default elementor-widget elementor-widget-icon\" data-id=\"3f7401b\" data-element_type=\"widget\" data-e-type=\"widget\" data-widget_type=\"icon.default\">\n\t\t\t\t<div class=\"elementor-widget-container\">\n\t\t\t\t\t\t\t<div class=\"elementor-icon-wrapper\">\n\t\t\t<div class=\"elementor-icon\">\n\t\t\t<i aria-hidden=\"true\" class=\"far fa-sim-card\"><\/i>\t\t\t<\/div>\n\t\t<\/div>\n\t\t\t\t\t\t<\/div>\n\t\t\t\t<\/div>\n\t\t\t\t<\/div>\n\t\t<div class=\"elementor-element elementor-element-f7bf3b6 e-con-full e-flex e-con e-child\" data-id=\"f7bf3b6\" data-element_type=\"container\" data-e-type=\"container\">\n\t\t\t\t<div class=\"elementor-element elementor-element-1f6a6a5 elementor-widget elementor-widget-heading\" data-id=\"1f6a6a5\" data-element_type=\"widget\" data-e-type=\"widget\" data-widget_type=\"heading.default\">\n\t\t\t\t<div class=\"elementor-widget-container\">\n\t\t\t\t\t<h2 class=\"elementor-heading-title elementor-size-default\">O2 Multicard f\u00fcr Business Kunden<\/h2>\t\t\t\t<\/div>\n\t\t\t\t<\/div>\n\t\t\t\t<div class=\"elementor-element elementor-element-c8abe1c elementor-icon-list--layout-traditional elementor-list-item-link-full_width elementor-widget elementor-widget-icon-list\" data-id=\"c8abe1c\" data-element_type=\"widget\" data-e-type=\"widget\" data-widget_type=\"icon-list.default\">\n\t\t\t\t<div class=\"elementor-widget-container\">\n\t\t\t\t\t\t\t<ul class=\"elementor-icon-list-items\">\n\t\t\t\t\t\t\t<li class=\"elementor-icon-list-item\">\n\t\t\t\t\t\t\t\t\t\t\t<span class=\"elementor-icon-list-icon\">\n\t\t\t\t\t\t\t<i aria-hidden=\"true\" class=\"far fa-check-circle\"><\/i>\t\t\t\t\t\t<\/span>\n\t\t\t\t\t\t\t\t\t\t<span class=\"elementor-icon-list-text\">5G Highspeed inklusive<\/span>\n\t\t\t\t\t\t\t\t\t<\/li>\n\t\t\t\t\t\t\t\t<li class=\"elementor-icon-list-item\">\n\t\t\t\t\t\t\t\t\t\t\t<span class=\"elementor-icon-list-icon\">\n\t\t\t\t\t\t\t<i aria-hidden=\"true\" class=\"far fa-check-circle\"><\/i>\t\t\t\t\t\t<\/span>\n\t\t\t\t\t\t\t\t\t\t<span class=\"elementor-icon-list-text\">Bis zu 500 Mbit\/s<\/span>\n\t\t\t\t\t\t\t\t\t<\/li>\n\t\t\t\t\t\t\t\t<li class=\"elementor-icon-list-item\">\n\t\t\t\t\t\t\t\t\t\t\t<span class=\"elementor-icon-list-icon\">\n\t\t\t\t\t\t\t<i aria-hidden=\"true\" class=\"far fa-check-circle\"><\/i>\t\t\t\t\t\t<\/span>\n\t\t\t\t\t\t\t\t\t\t<span class=\"elementor-icon-list-text\">Bis zu 4 SIM-Karten pro Tarif<\/span>\n\t\t\t\t\t\t\t\t\t<\/li>\n\t\t\t\t\t\t\t\t<li class=\"elementor-icon-list-item\">\n\t\t\t\t\t\t\t\t\t\t\t<span class=\"elementor-icon-list-icon\">\n\t\t\t\t\t\t\t<i aria-hidden=\"true\" class=\"far fa-check-circle\"><\/i>\t\t\t\t\t\t<\/span>\n\t\t\t\t\t\t\t\t\t\t<span class=\"elementor-icon-list-text\">Unlimitiertes Datenvolumen<\/span>\n\t\t\t\t\t\t\t\t\t<\/li>\n\t\t\t\t\t\t\t\t<li class=\"elementor-icon-list-item\">\n\t\t\t\t\t\t\t\t\t\t\t<span class=\"elementor-icon-list-icon\">\n\t\t\t\t\t\t\t<i aria-hidden=\"true\" class=\"far fa-check-circle\"><\/i>\t\t\t\t\t\t<\/span>\n\t\t\t\t\t\t\t\t\t\t<span class=\"elementor-icon-list-text\">Telefon-Flat in EU &amp; CH + USA oder T\u00fcrkei<\/span>\n\t\t\t\t\t\t\t\t\t<\/li>\n\t\t\t\t\t\t<\/ul>\n\t\t\t\t\t\t<\/div>\n\t\t\t\t<\/div>\n\t\t\t\t<\/div>\n\t\t\t\t<\/div>\n\t\t\t\t<\/div>\n\t\t\t\t\t<\/div>\n\t\t\t\t<\/div>\n\t\t<div class=\"elementor-element elementor-element-5e0a32e e-flex e-con-boxed e-con e-parent\" data-id=\"5e0a32e\" data-element_type=\"container\" data-e-type=\"container\" id=\"Kontakt\">\n\t\t\t\t\t<div class=\"e-con-inner\">\n\t\t<div class=\"elementor-element elementor-element-4ec5498 e-con-full e-flex e-con e-child\" data-id=\"4ec5498\" data-element_type=\"container\" data-e-type=\"container\">\n\t\t\t\t<div class=\"elementor-element elementor-element-60b2949 elementor-widget elementor-widget-heading\" data-id=\"60b2949\" data-element_type=\"widget\" data-e-type=\"widget\" data-widget_type=\"heading.default\">\n\t\t\t\t<div class=\"elementor-widget-container\">\n\t\t\t\t\t<h2 class=\"elementor-heading-title elementor-size-default\">Jetzt Angebot anfordern.<\/h2>\t\t\t\t<\/div>\n\t\t\t\t<\/div>\n\t\t\t\t<div class=\"elementor-element elementor-element-cbc21a7 elementor-widget elementor-widget-text-editor\" data-id=\"cbc21a7\" data-element_type=\"widget\" data-e-type=\"widget\" data-widget_type=\"text-editor.default\">\n\t\t\t\t<div class=\"elementor-widget-container\">\n\t\t\t\t\t\t\t\t\t<p data-start=\"0\" data-end=\"359\">Wenn Sie mehrere Ger\u00e4te mit nur einem Mobilfunkvertrag nutzen m\u00f6chten und mehr \u00fcber die M\u00f6glichkeiten der Multicard erfahren wollen, unterst\u00fctzen wir Sie gerne. Ob zus\u00e4tzliche SIM-Karten f\u00fcr Tablet, Smartwatch oder ein Zweitger\u00e4t \u2013 wir erkl\u00e4ren Ihnen die Optionen und helfen dabei, die passende L\u00f6sung f\u00fcr Ihre Nutzung zu finden.<\/p><p data-start=\"361\" data-end=\"503\" data-is-last-node=\"\" data-is-only-node=\"\">Nehmen Sie einfach Kontakt mit uns auf \u2013 unser Team ber\u00e4t Sie gerne pers\u00f6nlich und beantwortet alle Fragen rund um die Nutzung von Multicards.<\/p>\t\t\t\t\t\t\t\t<\/div>\n\t\t\t\t<\/div>\n\t\t\t\t<\/div>\n\t\t<div class=\"elementor-element elementor-element-2d0f2aa e-con-full e-flex e-con e-child\" data-id=\"2d0f2aa\" data-element_type=\"container\" data-e-type=\"container\" data-settings=\"{&quot;background_background&quot;:&quot;classic&quot;}\">\n\t\t\t\t<div class=\"elementor-element elementor-element-b9a8d24 elementor-widget elementor-widget-heading\" data-id=\"b9a8d24\" data-element_type=\"widget\" data-e-type=\"widget\" data-widget_type=\"heading.default\">\n\t\t\t\t<div class=\"elementor-widget-container\">\n\t\t\t\t\t<h3 class=\"elementor-heading-title elementor-size-default\">Kontaktieren Sie uns!<\/h3>\t\t\t\t<\/div>\n\t\t\t\t<\/div>\n\t\t\t\t<div class=\"elementor-element elementor-element-bde3fc8 elementor-button-align-center elementor-widget elementor-widget-form\" data-id=\"bde3fc8\" data-element_type=\"widget\" data-e-type=\"widget\" data-settings=\"{&quot;step_next_label&quot;:&quot;Next&quot;,&quot;step_previous_label&quot;:&quot;Previous&quot;,&quot;button_width&quot;:&quot;100&quot;,&quot;step_type&quot;:&quot;number_text&quot;,&quot;step_icon_shape&quot;:&quot;circle&quot;}\" data-widget_type=\"form.default\">\n\t\t\t\t<div class=\"elementor-widget-container\">\n\t\t\t\t\t\t\t<form class=\"elementor-form\" method=\"post\" name=\"M2M business\" aria-label=\"M2M business\">\n\t\t\t<input type=\"hidden\" name=\"post_id\" value=\"7252\"\/>\n\t\t\t<input type=\"hidden\" name=\"form_id\" value=\"bde3fc8\"\/>\n\t\t\t<input type=\"hidden\" name=\"referer_title\" value=\"yuka.digital\" \/>\n\n\t\t\t\n\t\t\t<div class=\"elementor-form-fields-wrapper elementor-labels-above\">\n\t\t\t\t\t\t\t\t<div class=\"elementor-field-type-text elementor-field-group elementor-column elementor-field-group-name elementor-col-50 elementor-field-required\">\n\t\t\t\t\t\t\t\t\t\t\t\t\t<input size=\"1\" type=\"text\" name=\"form_fields[name]\" id=\"form-field-name\" class=\"elementor-field elementor-size-sm  elementor-field-textual\" placeholder=\"Vorname *\" required=\"required\">\n\t\t\t\t\t\t\t\t\t\t\t<\/div>\n\t\t\t\t\t\t\t\t<div class=\"elementor-field-type-text elementor-field-group elementor-column elementor-field-group-field_b810e34 elementor-col-50 elementor-field-required\">\n\t\t\t\t\t\t\t\t\t\t\t\t\t<input size=\"1\" type=\"text\" name=\"form_fields[field_b810e34]\" id=\"form-field-field_b810e34\" class=\"elementor-field elementor-size-sm  elementor-field-textual\" placeholder=\"Nachname *\" required=\"required\">\n\t\t\t\t\t\t\t\t\t\t\t<\/div>\n\t\t\t\t\t\t\t\t<div class=\"elementor-field-type-text elementor-field-group elementor-column elementor-field-group-field_559a57f elementor-col-100 elementor-field-required\">\n\t\t\t\t\t\t\t\t\t\t\t\t\t<input size=\"1\" type=\"text\" name=\"form_fields[field_559a57f]\" id=\"form-field-field_559a57f\" class=\"elementor-field elementor-size-sm  elementor-field-textual\" placeholder=\"Unternehmen *\" required=\"required\">\n\t\t\t\t\t\t\t\t\t\t\t<\/div>\n\t\t\t\t\t\t\t\t<div class=\"elementor-field-type-email elementor-field-group elementor-column elementor-field-group-field_8e50e7b elementor-col-100 elementor-field-required\">\n\t\t\t\t\t\t\t\t\t\t\t\t\t<input size=\"1\" type=\"email\" name=\"form_fields[field_8e50e7b]\" id=\"form-field-field_8e50e7b\" class=\"elementor-field elementor-size-sm  elementor-field-textual\" placeholder=\"E-Mail-Adresse  *\" required=\"required\">\n\t\t\t\t\t\t\t\t\t\t\t<\/div>\n\t\t\t\t\t\t\t\t<div class=\"elementor-field-type-tel elementor-field-group elementor-column elementor-field-group-field_2028f61 elementor-col-100 elementor-field-required\">\n\t\t\t\t\t\t\t<input size=\"1\" type=\"tel\" name=\"form_fields[field_2028f61]\" id=\"form-field-field_2028f61\" class=\"elementor-field elementor-size-sm  elementor-field-textual\" placeholder=\"Telefonnr. *\" required=\"required\" pattern=\"[0-9()#&amp;+*-=.]+\" title=\"Only numbers and phone characters (#, -, *, etc) are accepted.\">\n\n\t\t\t\t\t\t<\/div>\n\t\t\t\t\t\t\t\t<div class=\"elementor-field-type-textarea elementor-field-group elementor-column elementor-field-group-field_6aa0636 elementor-col-100 elementor-field-required\">\n\t\t\t\t\t<textarea class=\"elementor-field-textual elementor-field  elementor-size-sm\" name=\"form_fields[field_6aa0636]\" id=\"form-field-field_6aa0636\" rows=\"4\" placeholder=\"Ihre Nachricht *\" required=\"required\"><\/textarea>\t\t\t\t<\/div>\n\t\t\t\t\t\t\t\t<div class=\"elementor-field-type-acceptance elementor-field-group elementor-column elementor-field-group-field_db7957e elementor-col-100 elementor-field-required\">\n\t\t\t\t\t\t\t<div class=\"elementor-field-subgroup\">\n\t\t\t<span class=\"elementor-field-option\">\n\t\t\t\t<input type=\"checkbox\" name=\"form_fields[field_db7957e]\" id=\"form-field-field_db7957e\" class=\"elementor-field elementor-size-sm  elementor-acceptance-field\" required=\"required\">\n\t\t\t\t<label for=\"form-field-field_db7957e\">Ich stimme zu, dass meine Angaben aus dem Kontaktformular zur Beantwortung meiner Anfrage erhoben und verarbeitet werden. Weitere Informationen finden Sie in unserer <a href=\"https:\/\/yuka.digital\/datenschutzerklaerung\/\">Datenschutzerkl\u00e4rung.<\/a>*<\/label>\t\t\t<\/span>\n\t\t<\/div>\n\t\t\t\t\t\t<\/div>\n\t\t\t\t\t\t\t\t<div class=\"elementor-field-type-html elementor-field-group elementor-column elementor-field-group-field_f69317f elementor-col-100\">\n\t\t\t\t\t<i>Die mit * gekennzeichneten Felder sind Pflichtfelder<\/i><br><br>\t\t\t\t<\/div>\n\t\t\t\t\t\t\t\t<div class=\"elementor-field-type-hidden elementor-field-group elementor-column elementor-field-group-utm_source elementor-col-100\">\n\t\t\t\t\t\t\t\t\t\t\t\t\t<input size=\"1\" type=\"hidden\" name=\"form_fields[utm_source]\" id=\"form-field-utm_source\" class=\"elementor-field elementor-size-sm  elementor-field-textual\">\n\t\t\t\t\t\t\t\t\t\t\t<\/div>\n\t\t\t\t\t\t\t\t<div class=\"elementor-field-group elementor-column elementor-field-type-submit elementor-col-100 e-form__buttons\">\n\t\t\t\t\t<button class=\"elementor-button elementor-size-xs\" type=\"submit\">\n\t\t\t\t\t\t<span class=\"elementor-button-content-wrapper\">\n\t\t\t\t\t\t\t\t\t\t\t\t\t\t\t\t\t\t\t\t\t\t<span class=\"elementor-button-text\">Anfrage senden<\/span>\n\t\t\t\t\t\t\t\t\t\t\t\t\t<\/span>\n\t\t\t\t\t<\/button>\n\t\t\t\t<\/div>\n\t\t\t<\/div>\n\t\t<\/form>\n\t\t\t\t\t\t<\/div>\n\t\t\t\t<\/div>\n\t\t\t\t<\/div>\n\t\t\t\t\t<\/div>\n\t\t\t\t<\/div>\n\t\t\t\t<\/div>\n\t\t","protected":false},"excerpt":{"rendered":"<p>Unlimitiertes Datenvolumen mit der O2 Multicard Mit der Multicard kannst du einen Vertrag auf mehreren Ger\u00e4ten gleichzeitig nutzen. Egal ob Smartphone, Tablet oder Smartwatch \u2013 alle Ger\u00e4te teilen sich eine Rufnummer. So kannst du unterwegs surfen und telefonieren, ohne die SIM wechseln zu m\u00fcssen. statt 60,-\u20ac nur 18,- \u20ac mtl. Angebot anfordern O2 Multicard f\u00fcr [&hellip;]<\/p>\n","protected":false},"author":4,"featured_media":0,"parent":0,"menu_order":0,"comment_status":"closed","ping_status":"closed","template":"","meta":{"footnotes":""},"class_list":["post-7252","page","type-page","status-publish","hentry"],"yoast_head":"<!-- This site is optimized with the Yoast SEO plugin v27.5 - https:\/\/yoast.com\/product\/yoast-seo-wordpress\/ -->\n<title>Yuka Digital Business Tarif - yuka.digital<\/title>\n<meta name=\"robots\" content=\"index, follow, max-snippet:-1, max-image-preview:large, max-video-preview:-1\" \/>\n<link rel=\"canonical\" href=\"https:\/\/yuka.digital\/en\/yuka-digital-business-tarif\/\" \/>\n<meta property=\"og:locale\" content=\"en_GB\" \/>\n<meta property=\"og:type\" content=\"article\" \/>\n<meta property=\"og:title\" content=\"Yuka Digital Business Tarif - yuka.digital\" \/>\n<meta property=\"og:description\" content=\"Unlimitiertes Datenvolumen mit der O2 Multicard Mit der Multicard kannst du einen Vertrag auf mehreren Ger\u00e4ten gleichzeitig nutzen. Egal ob Smartphone, Tablet oder Smartwatch \u2013 alle Ger\u00e4te teilen sich eine Rufnummer. So kannst du unterwegs surfen und telefonieren, ohne die SIM wechseln zu m\u00fcssen. statt 60,-\u20ac nur 18,- \u20ac mtl. Angebot anfordern O2 Multicard f\u00fcr [&hellip;]\" \/>\n<meta property=\"og:url\" content=\"https:\/\/yuka.digital\/en\/yuka-digital-business-tarif\/\" \/>\n<meta property=\"og:site_name\" content=\"yuka.digital\" \/>\n<meta property=\"article:modified_time\" content=\"2026-03-11T14:53:13+00:00\" \/>\n<meta property=\"og:image\" content=\"https:\/\/yuka.digital\/wp-content\/uploads\/2026\/03\/Yuka-Digital-X-O2-scaled.png\" \/>\n<meta name=\"twitter:card\" content=\"summary_large_image\" \/>\n<meta name=\"twitter:label1\" content=\"Estimated reading time\" \/>\n\t<meta name=\"twitter:data1\" content=\"1 minute\" \/>\n<script type=\"application\/ld+json\" class=\"yoast-schema-graph\">{\"@context\":\"https:\\\/\\\/schema.org\",\"@graph\":[{\"@type\":\"WebPage\",\"@id\":\"https:\\\/\\\/yuka.digital\\\/yuka-digital-business-tarif\\\/\",\"url\":\"https:\\\/\\\/yuka.digital\\\/yuka-digital-business-tarif\\\/\",\"name\":\"Yuka Digital Business Tarif - yuka.digital\",\"isPartOf\":{\"@id\":\"https:\\\/\\\/yuka.digital\\\/#website\"},\"primaryImageOfPage\":{\"@id\":\"https:\\\/\\\/yuka.digital\\\/yuka-digital-business-tarif\\\/#primaryimage\"},\"image\":{\"@id\":\"https:\\\/\\\/yuka.digital\\\/yuka-digital-business-tarif\\\/#primaryimage\"},\"thumbnailUrl\":\"https:\\\/\\\/yuka.digital\\\/wp-content\\\/uploads\\\/2026\\\/03\\\/Yuka-Digital-X-O2-scaled.png\",\"datePublished\":\"2026-03-09T15:33:59+00:00\",\"dateModified\":\"2026-03-11T14:53:13+00:00\",\"breadcrumb\":{\"@id\":\"https:\\\/\\\/yuka.digital\\\/yuka-digital-business-tarif\\\/#breadcrumb\"},\"inLanguage\":\"en-GB\",\"potentialAction\":[{\"@type\":\"ReadAction\",\"target\":[\"https:\\\/\\\/yuka.digital\\\/yuka-digital-business-tarif\\\/\"]}]},{\"@type\":\"ImageObject\",\"inLanguage\":\"en-GB\",\"@id\":\"https:\\\/\\\/yuka.digital\\\/yuka-digital-business-tarif\\\/#primaryimage\",\"url\":\"https:\\\/\\\/yuka.digital\\\/wp-content\\\/uploads\\\/2026\\\/03\\\/Yuka-Digital-X-O2-scaled.png\",\"contentUrl\":\"https:\\\/\\\/yuka.digital\\\/wp-content\\\/uploads\\\/2026\\\/03\\\/Yuka-Digital-X-O2-scaled.png\"},{\"@type\":\"BreadcrumbList\",\"@id\":\"https:\\\/\\\/yuka.digital\\\/yuka-digital-business-tarif\\\/#breadcrumb\",\"itemListElement\":[{\"@type\":\"ListItem\",\"position\":1,\"name\":\"Startseite\",\"item\":\"https:\\\/\\\/yuka.digital\\\/\"},{\"@type\":\"ListItem\",\"position\":2,\"name\":\"Yuka Digital Business Tarif\"}]},{\"@type\":\"WebSite\",\"@id\":\"https:\\\/\\\/yuka.digital\\\/#website\",\"url\":\"https:\\\/\\\/yuka.digital\\\/\",\"name\":\"yuka.digital\",\"description\":\"YUKA.digital\",\"publisher\":{\"@id\":\"https:\\\/\\\/yuka.digital\\\/#organization\"},\"potentialAction\":[{\"@type\":\"SearchAction\",\"target\":{\"@type\":\"EntryPoint\",\"urlTemplate\":\"https:\\\/\\\/yuka.digital\\\/?s={search_term_string}\"},\"query-input\":{\"@type\":\"PropertyValueSpecification\",\"valueRequired\":true,\"valueName\":\"search_term_string\"}}],\"inLanguage\":\"en-GB\"},{\"@type\":\"Organization\",\"@id\":\"https:\\\/\\\/yuka.digital\\\/#organization\",\"name\":\"yuka.digital\",\"url\":\"https:\\\/\\\/yuka.digital\\\/\",\"logo\":{\"@type\":\"ImageObject\",\"inLanguage\":\"en-GB\",\"@id\":\"https:\\\/\\\/yuka.digital\\\/#\\\/schema\\\/logo\\\/image\\\/\",\"url\":\"https:\\\/\\\/yuka.digital\\\/wp-content\\\/uploads\\\/2022\\\/03\\\/yuka_digital_logo.png\",\"contentUrl\":\"https:\\\/\\\/yuka.digital\\\/wp-content\\\/uploads\\\/2022\\\/03\\\/yuka_digital_logo.png\",\"width\":4568,\"height\":713,\"caption\":\"yuka.digital\"},\"image\":{\"@id\":\"https:\\\/\\\/yuka.digital\\\/#\\\/schema\\\/logo\\\/image\\\/\"}}]}<\/script>\n<!-- \/ Yoast SEO plugin. -->","yoast_head_json":{"title":"Yuka Digital Business Tarif - yuka.digital","robots":{"index":"index","follow":"follow","max-snippet":"max-snippet:-1","max-image-preview":"max-image-preview:large","max-video-preview":"max-video-preview:-1"},"canonical":"https:\/\/yuka.digital\/en\/yuka-digital-business-tarif\/","og_locale":"en_GB","og_type":"article","og_title":"Yuka Digital Business Tarif - yuka.digital","og_description":"Unlimitiertes Datenvolumen mit der O2 Multicard Mit der Multicard kannst du einen Vertrag auf mehreren Ger\u00e4ten gleichzeitig nutzen. Egal ob Smartphone, Tablet oder Smartwatch \u2013 alle Ger\u00e4te teilen sich eine Rufnummer. So kannst du unterwegs surfen und telefonieren, ohne die SIM wechseln zu m\u00fcssen. statt 60,-\u20ac nur 18,- \u20ac mtl. Angebot anfordern O2 Multicard f\u00fcr [&hellip;]","og_url":"https:\/\/yuka.digital\/en\/yuka-digital-business-tarif\/","og_site_name":"yuka.digital","article_modified_time":"2026-03-11T14:53:13+00:00","og_image":[{"url":"https:\/\/yuka.digital\/wp-content\/uploads\/2026\/03\/Yuka-Digital-X-O2-scaled.png","type":"","width":"","height":""}],"twitter_card":"summary_large_image","twitter_misc":{"Estimated reading time":"1 minute"},"schema":{"@context":"https:\/\/schema.org","@graph":[{"@type":"WebPage","@id":"https:\/\/yuka.digital\/yuka-digital-business-tarif\/","url":"https:\/\/yuka.digital\/yuka-digital-business-tarif\/","name":"Yuka Digital Business Tarif - yuka.digital","isPartOf":{"@id":"https:\/\/yuka.digital\/#website"},"primaryImageOfPage":{"@id":"https:\/\/yuka.digital\/yuka-digital-business-tarif\/#primaryimage"},"image":{"@id":"https:\/\/yuka.digital\/yuka-digital-business-tarif\/#primaryimage"},"thumbnailUrl":"https:\/\/yuka.digital\/wp-content\/uploads\/2026\/03\/Yuka-Digital-X-O2-scaled.png","datePublished":"2026-03-09T15:33:59+00:00","dateModified":"2026-03-11T14:53:13+00:00","breadcrumb":{"@id":"https:\/\/yuka.digital\/yuka-digital-business-tarif\/#breadcrumb"},"inLanguage":"en-GB","potentialAction":[{"@type":"ReadAction","target":["https:\/\/yuka.digital\/yuka-digital-business-tarif\/"]}]},{"@type":"ImageObject","inLanguage":"en-GB","@id":"https:\/\/yuka.digital\/yuka-digital-business-tarif\/#primaryimage","url":"https:\/\/yuka.digital\/wp-content\/uploads\/2026\/03\/Yuka-Digital-X-O2-scaled.png","contentUrl":"https:\/\/yuka.digital\/wp-content\/uploads\/2026\/03\/Yuka-Digital-X-O2-scaled.png"},{"@type":"BreadcrumbList","@id":"https:\/\/yuka.digital\/yuka-digital-business-tarif\/#breadcrumb","itemListElement":[{"@type":"ListItem","position":1,"name":"Startseite","item":"https:\/\/yuka.digital\/"},{"@type":"ListItem","position":2,"name":"Yuka Digital Business Tarif"}]},{"@type":"WebSite","@id":"https:\/\/yuka.digital\/#website","url":"https:\/\/yuka.digital\/","name":"yuka.digital","description":"YUKA.digital","publisher":{"@id":"https:\/\/yuka.digital\/#organization"},"potentialAction":[{"@type":"SearchAction","target":{"@type":"EntryPoint","urlTemplate":"https:\/\/yuka.digital\/?s={search_term_string}"},"query-input":{"@type":"PropertyValueSpecification","valueRequired":true,"valueName":"search_term_string"}}],"inLanguage":"en-GB"},{"@type":"Organization","@id":"https:\/\/yuka.digital\/#organization","name":"yuka.digital","url":"https:\/\/yuka.digital\/","logo":{"@type":"ImageObject","inLanguage":"en-GB","@id":"https:\/\/yuka.digital\/#\/schema\/logo\/image\/","url":"https:\/\/yuka.digital\/wp-content\/uploads\/2022\/03\/yuka_digital_logo.png","contentUrl":"https:\/\/yuka.digital\/wp-content\/uploads\/2022\/03\/yuka_digital_logo.png","width":4568,"height":713,"caption":"yuka.digital"},"image":{"@id":"https:\/\/yuka.digital\/#\/schema\/logo\/image\/"}}]}},"_links":{"self":[{"href":"https:\/\/yuka.digital\/en\/wp-json\/wp\/v2\/pages\/7252","targetHints":{"allow":["GET"]}}],"collection":[{"href":"https:\/\/yuka.digital\/en\/wp-json\/wp\/v2\/pages"}],"about":[{"href":"https:\/\/yuka.digital\/en\/wp-json\/wp\/v2\/types\/page"}],"author":[{"embeddable":true,"href":"https:\/\/yuka.digital\/en\/wp-json\/wp\/v2\/users\/4"}],"replies":[{"embeddable":true,"href":"https:\/\/yuka.digital\/en\/wp-json\/wp\/v2\/comments?post=7252"}],"version-history":[{"count":115,"href":"https:\/\/yuka.digital\/en\/wp-json\/wp\/v2\/pages\/7252\/revisions"}],"predecessor-version":[{"id":7433,"href":"https:\/\/yuka.digital\/en\/wp-json\/wp\/v2\/pages\/7252\/revisions\/7433"}],"wp:attachment":[{"href":"https:\/\/yuka.digital\/en\/wp-json\/wp\/v2\/media?parent=7252"}],"curies":[{"name":"wp","href":"https:\/\/api.w.org\/{rel}","templated":true}]}}